{"id":204,"date":"2025-09-03T05:52:45","date_gmt":"2025-09-03T05:52:45","guid":{"rendered":"https:\/\/evolvia.swiss\/?page_id=204"},"modified":"2025-09-26T16:04:27","modified_gmt":"2025-09-26T16:04:27","slug":"begleitung","status":"publish","type":"page","link":"https:\/\/evolvia.swiss\/de\/","title":{"rendered":"Startseite"},"content":{"rendered":"<p>[et_pb_section fb_built=&#8220;1&#8243; module_class=&#8220;hero-sec&#8220; _builder_version=&#8220;4.27.4&#8243; _module_preset=&#8220;default&#8220; background_image=&#8220;https:\/\/evolvia.swiss\/wp-content\/uploads\/2025\/09\/evolvia-home-colibri.jpg&#8220; background_position=&#8220;top_center&#8220; height=&#8220;80vh&#8220; height_tablet=&#8220;60vh&#8220; height_phone=&#8220;50vh&#8220; height_last_edited=&#8220;on|phone&#8220; custom_margin=&#8220;0px|0px|-1px|0px|false|false&#8220; custom_padding=&#8220;0px|0px|4vh|0px|false|false&#8220; bottom_divider_style=&#8220;slant&#8220; bottom_divider_color=&#8220;gcid-dd892067-bb4e-4360-a209-99e0238c51b1&#8243; bottom_divider_height=&#8220;3vw&#8220; bottom_divider_repeat=&#8220;1x&#8220; bottom_divider_flip=&#8220;horizontal&#8220; bottom_divider_height_tablet=&#8220;3vw&#8220; bottom_divider_height_phone=&#8220;3vw&#8220; bottom_divider_height_last_edited=&#8220;on|desktop&#8220; global_colors_info=&#8220;{%22gcid-dd892067-bb4e-4360-a209-99e0238c51b1%22:%91%22bottom_divider_color%22%93}&#8220;][et_pb_row make_equal=&#8220;on&#8220; module_class=&#8220;hero-row&#8220; _builder_version=&#8220;4.27.4&#8243; _module_preset=&#8220;default&#8220; width=&#8220;90%&#8220; max_width=&#8220;2560px&#8220; min_height=&#8220;100%&#8220; custom_margin=&#8220;||||false|false&#8220; global_colors_info=&#8220;{}&#8220;][et_pb_column type=&#8220;4_4&#8243; module_class=&#8220;hero-col&#8220; _builder_version=&#8220;4.27.4&#8243; _module_preset=&#8220;default&#8220; background_enable_color=&#8220;off&#8220; custom_padding=&#8220;||5vh||false|false&#8220; custom_padding_tablet=&#8220;||3vh||false|false&#8220; custom_padding_phone=&#8220;||1vh||false|false&#8220; custom_padding_last_edited=&#8220;on|tablet&#8220; custom_css_free_form=&#8220;selector {display:flex; flex-direction: column;}&#8220; global_colors_info=&#8220;{}&#8220;][et_pb_text module_class=&#8220; hero-text&#8220; _builder_version=&#8220;4.27.4&#8243; _module_preset=&#8220;default&#8220; header_font=&#8220;||||||||&#8220; header_text_align=&#8220;right&#8220; header_text_color=&#8220;gcid-e771f84f-1a3a-41ab-96a4-81999021638c&#8220; header_font_size=&#8220;5vw&#8220; header_line_height=&#8220;1.1em&#8220; background_layout=&#8220;dark&#8220; custom_margin=&#8220;auto||0px||false|false&#8220; hover_enabled=&#8220;0&#8243; header_font_size_tablet=&#8220;&#8220; header_font_size_phone=&#8220;7vw&#8220; header_font_size_last_edited=&#8220;on|phone&#8220; header_text_shadow_style=&#8220;preset3&#8243; header_text_shadow_color=&#8220;#FFFFFF&#8220; global_colors_info=&#8220;{%22gcid-e771f84f-1a3a-41ab-96a4-81999021638c%22:%91%22header_text_color%22%93}&#8220; sticky_enabled=&#8220;0&#8243;]<\/p>\n<h1>Potenzial entfalten<br \/>Gemeinsam wachsen<br \/>Nachhaltig wirken<\/h1>\n<p>[\/et_pb_text][\/et_pb_column][\/et_pb_row][\/et_pb_section][et_pb_section fb_built=&#8220;1&#8243; _builder_version=&#8220;4.27.4&#8243; _module_preset=&#8220;default&#8220; background_color=&#8220;gcid-dd892067-bb4e-4360-a209-99e0238c51b1&#8243; min_height_tablet=&#8220;&#8220; min_height_phone=&#8220;&#8220; min_height_last_edited=&#8220;on|desktop&#8220; custom_margin=&#8220;0px|0px|0px|0px|false|false&#8220; custom_margin_tablet=&#8220;0px|0px|0px|0px|false|false&#8220; custom_margin_phone=&#8220;0px|0px|0px|0px|false|false&#8220; custom_margin_last_edited=&#8220;on|phone&#8220; bottom_divider_height=&#8220;4vw&#8220; bottom_divider_flip=&#8220;horizontal&#8220; bottom_divider_height_tablet=&#8220;4vw&#8220; bottom_divider_height_phone=&#8220;20px&#8220; bottom_divider_height_last_edited=&#8220;on|phone&#8220; global_colors_info=&#8220;{%22gcid-dd892067-bb4e-4360-a209-99e0238c51b1%22:%91%22bottom_divider_color%22,%22background_color%22%93}&#8220;][et_pb_row _builder_version=&#8220;4.27.4&#8243; _module_preset=&#8220;default&#8220; custom_margin_tablet=&#8220;&#8220; custom_margin_phone=&#8220;&#8220; custom_margin_last_edited=&#8220;on|phone&#8220; custom_padding=&#8220;0px||0px||false|false&#8220; locked=&#8220;off&#8220; global_colors_info=&#8220;{}&#8220;][et_pb_column type=&#8220;4_4&#8243; _builder_version=&#8220;4.27.4&#8243; _module_preset=&#8220;default&#8220; global_colors_info=&#8220;{}&#8220;][et_pb_text _builder_version=&#8220;4.27.4&#8243; _module_preset=&#8220;default&#8220; text_font_size=&#8220;16px&#8220; header_3_font=&#8220;|600|on||||||&#8220; header_3_font_size=&#8220;26px&#8220; header_3_line_height=&#8220;1.2em&#8220; header_3_font_size_tablet=&#8220;24px&#8220; header_3_font_size_phone=&#8220;18px&#8220; header_3_font_size_last_edited=&#8220;on|desktop&#8220; global_colors_info=&#8220;{}&#8220;]<\/p>\n<h3>Evolvia begleitet <a class=\"evolvia-header-link\" href=\"begleitung\/individuell\/\">Einzelpersonen<\/a> und <a class=\"evolvia-header-link\" href=\"https:\/\/evolvia.swiss\/de\/begleitung\/unternehmen\/\">Organisationen<\/a> in ihrer menschlichen Entwicklung durch Training, Coaching und die Moderation von Workshops.<\/h3>\n<h3>Inspiriert von den <a class=\"evolvia-header-link\" href=\"https:\/\/evolvia.swiss\/de\/werkzeuge\/#neurosciences\">Neurowissenschaften<\/a>, f\u00f6rdert unser Ansatz die Selbsterkenntnis, authentische Zusammenarbeit und eine abgestimmte F\u00fchrung.<\/h3>\n<p>[\/et_pb_text][et_pb_text module_class=&#8220;evolvia-inner-page-link&#8220; _builder_version=&#8220;4.27.4&#8243; _module_preset=&#8220;default&#8220; text_font_size=&#8220;18px&#8220; header_4_font_size=&#8220;50px&#8220; text_orientation=&#8220;center&#8220; link_option_url=&#8220;#accompagnements&#8220; custom_css_free_form=&#8220;selector a {color:#cc2c31:}&#8220; global_colors_info=&#8220;{}&#8220;]<\/p>\n<h4><a href=\"#accompagnements\" class=\"down-arrow\"><span class=\"down-arrow\">\u2193<\/span><\/a><\/h4>\n<p>[\/et_pb_text][\/et_pb_column][\/et_pb_row][\/et_pb_section][et_pb_section fb_built=&#8220;1&#8243; module_id=&#8220;Begleitungen&#8220; _builder_version=&#8220;4.27.4&#8243; _module_preset=&#8220;default&#8220; background_color=&#8220;#FFFFFF&#8220; background_enable_image=&#8220;off&#8220; background_size=&#8220;contain&#8220; background_position=&#8220;top_left&#8220; background_horizontal_offset=&#8220;-22%&#8220; custom_margin=&#8220;||||false|false&#8220; custom_padding=&#8220;100px||||false|false&#8220; top_divider_style=&#8220;slant&#8220; top_divider_color=&#8220;gcid-dd892067-bb4e-4360-a209-99e0238c51b1&#8243; top_divider_height=&#8220;3vw&#8220; top_divider_flip=&#8220;horizontal&#8220; bottom_divider_style=&#8220;slant&#8220; bottom_divider_color=&#8220;gcid-secondary-color&#8220; bottom_divider_height=&#8220;3vw&#8220; bottom_divider_flip=&#8220;horizontal&#8220; locked=&#8220;off&#8220; global_colors_info=&#8220;{%22gcid-dd892067-bb4e-4360-a209-99e0238c51b1%22:%91%22top_divider_color%22%93}&#8220;][et_pb_row column_structure=&#8220;1_4,3_4&#8243; _builder_version=&#8220;4.27.4&#8243; _module_preset=&#8220;default&#8220; locked=&#8220;off&#8220; global_colors_info=&#8220;{}&#8220;][et_pb_column type=&#8220;1_4&#8243; _builder_version=&#8220;4.27.4&#8243; _module_preset=&#8220;default&#8220; global_colors_info=&#8220;{}&#8220;][et_pb_text module_class=&#8220;evolvia-icon&#8220; _builder_version=&#8220;4.27.4&#8243; _module_preset=&#8220;default&#8220; custom_margin=&#8220;80px||||false|false&#8220; custom_margin_tablet=&#8220;0px||||false|false&#8220; custom_margin_phone=&#8220;0px||||false|false&#8220; custom_margin_last_edited=&#8220;on|phone&#8220; animation_style=&#8220;fade&#8220; scroll_horizontal_motion_enable=&#8220;on&#8220; scroll_horizontal_motion=&#8220;0|50|50|100|-10|0|0&#8243; scroll_fade=&#8220;0|70|70|90|0|50%|100%&#8220; motion_trigger_start=&#8220;top&#8220; global_colors_info=&#8220;{}&#8220;]<\/p>\n<div class=\"icon-circle icon-circle-enterprise\"><i class=\"fa-sharp fa-thin fa-building\"><\/i><\/div>\n<p>[\/et_pb_text][\/et_pb_column][et_pb_column type=&#8220;3_4&#8243; _builder_version=&#8220;4.27.4&#8243; _module_preset=&#8220;default&#8220; global_colors_info=&#8220;{}&#8220;][et_pb_text _builder_version=&#8220;4.27.4&#8243; _dynamic_attributes=&#8220;link_option_url&#8220; _module_preset=&#8220;default&#8220; text_font_size=&#8220;16px&#8220; custom_margin=&#8220;15px||||false|false&#8220; link_option_url=&#8220;@ET-DC@eyJkeW5hbWljIjp0cnVlLCJjb250ZW50IjoicG9zdF9saW5rX3VybF9wYWdlIiwic2V0dGluZ3MiOnsicG9zdF9pZCI6IjUxNCJ9fQ==@&#8220; global_colors_info=&#8220;{}&#8220;]<\/p>\n<h2>Unternehmensbegleitung<\/h2>\n<p>[\/et_pb_text][et_pb_text _builder_version=&#8220;4.27.4&#8243; _dynamic_attributes=&#8220;link_option_url&#8220; _module_preset=&#8220;default&#8220; text_font_size=&#8220;16px&#8220; link_option_url=&#8220;@ET-DC@eyJkeW5hbWljIjp0cnVlLCJjb250ZW50IjoicG9zdF9saW5rX3VybF9wYWdlIiwic2V0dGluZ3MiOnsicG9zdF9pZCI6IjUxNCJ9fQ==@&#8220; global_colors_info=&#8220;{}&#8220;]<\/p>\n<p>Wir entwickeln die Schl\u00fcsselkompetenzen der Mitarbeitenden durch gezielte <strong>Schulungen<\/strong> in den Bereichen Management, Leadership, Kommunikation, Selbsterkenntnis und Personalwesen.<\/p>\n<p>Unsere <strong>Workshops<\/strong> bieten konkrete L\u00f6sungen zur St\u00e4rkung des Teamzusammenhalts, zur Begleitung von Ver\u00e4nderungen (Integration, Fusion) oder zur L\u00f6sung spezifischer Problemstellungen.<\/p>\n<p>Schliesslich bieten wir <strong>HR-Unterst\u00fctzung<\/strong> (Rekrutierung, Vertr\u00e4ge, Reglemente, Mitarbeitergespr\u00e4che) und eine Begleitung an, die auf kollektiver Intelligenz und bew\u00e4hrten Tools wie Neurowissenschaften, Insights Discovery\u00ae und TRIMA basiert.<\/p>\n<p>[\/et_pb_text][et_pb_button button_url=&#8220;@ET-DC@eyJkeW5hbWljIjp0cnVlLCJjb250ZW50IjoicG9zdF9saW5rX3VybF9wYWdlIiwic2V0dGluZ3MiOnsicG9zdF9pZCI6IjUxNCJ9fQ==@&#8220; button_text=&#8220;Verleihen Sie Ihrer Organisation Fl\u00fcgel&#8220; button_alignment_tablet=&#8220;&#8220; button_alignment_phone=&#8220;center&#8220; button_alignment_last_edited=&#8220;on|phone&#8220; _builder_version=&#8220;4.27.4&#8243; _dynamic_attributes=&#8220;button_url&#8220; custom_button=&#8220;on&#8220; button_text_size=&#8220;14px&#8220; button_text_color=&#8220;#000000&#8243; button_bg_color=&#8220;#FFFFFF&#8220; button_border_width=&#8220;1px&#8220; button_border_color=&#8220;#000000&#8243; button_border_radius=&#8220;50px&#8220; button_letter_spacing=&#8220;2px&#8220; button_font=&#8220;Lato|900||on|||||&#8220; button_use_icon=&#8220;off&#8220; custom_margin=&#8220;auto||30px||false|false&#8220; custom_margin_tablet=&#8220;|0vw||0vw||true&#8220; custom_margin_last_edited=&#8220;off|desktop&#8220; custom_padding=&#8220;7px|20px|5px|20px|false|false&#8220; button_text_size_tablet=&#8220;12px&#8220; button_text_size_phone=&#8220;12px&#8220; button_text_size_last_edited=&#8220;on|phone&#8220; locked=&#8220;off&#8220; global_colors_info=&#8220;{%22gcid-primary-color%22:%91%22button_border_color__hover%22,%22button_bg_color__hover%22%93,%22gcid-heading-color%22:%91%22button_text_color__hover%22%93}&#8220; button_text_size__hover_enabled=&#8220;off&#8220; button_one_text_size__hover_enabled=&#8220;off&#8220; button_two_text_size__hover_enabled=&#8220;off&#8220; button_text_color__hover_enabled=&#8220;on|hover&#8220; button_one_text_color__hover_enabled=&#8220;off&#8220; button_two_text_color__hover_enabled=&#8220;off&#8220; button_border_width__hover_enabled=&#8220;off&#8220; button_one_border_width__hover_enabled=&#8220;off&#8220; button_two_border_width__hover_enabled=&#8220;off&#8220; button_border_color__hover_enabled=&#8220;on|hover&#8220; button_one_border_color__hover_enabled=&#8220;off&#8220; button_two_border_color__hover_enabled=&#8220;off&#8220; button_border_radius__hover_enabled=&#8220;off&#8220; button_one_border_radius__hover_enabled=&#8220;off&#8220; button_two_border_radius__hover_enabled=&#8220;off&#8220; button_letter_spacing__hover_enabled=&#8220;off&#8220; button_one_letter_spacing__hover_enabled=&#8220;off&#8220; button_two_letter_spacing__hover_enabled=&#8220;off&#8220; button_bg_color__hover_enabled=&#8220;on|hover&#8220; button_one_bg_color__hover_enabled=&#8220;off&#8220; button_two_bg_color__hover_enabled=&#8220;off&#8220; button_bg_color__hover=&#8220;#f6d06f&#8220; button_bg_enable_color__hover=&#8220;on&#8220; button_border_color__hover=&#8220;#f6d06f&#8220; button_text_color__hover=&#8220;#2c2c2c&#8220; custom_css_main_element_last_edited=&#8220;on|phone&#8220; custom_css_main_element_phone=&#8220;width:100%;&#8220;][\/et_pb_button][\/et_pb_column][\/et_pb_row][et_pb_row column_structure=&#8220;1_4,3_4&#8243; _builder_version=&#8220;4.27.4&#8243; _module_preset=&#8220;default&#8220; locked=&#8220;off&#8220; global_colors_info=&#8220;{}&#8220;][et_pb_column type=&#8220;1_4&#8243; _builder_version=&#8220;4.27.4&#8243; _module_preset=&#8220;default&#8220; global_colors_info=&#8220;{}&#8220;][et_pb_text module_class=&#8220;evolvia-icon&#8220; _builder_version=&#8220;4.27.4&#8243; _module_preset=&#8220;default&#8220; custom_margin=&#8220;80px||||false|false&#8220; custom_margin_tablet=&#8220;0px||||false|false&#8220; custom_margin_phone=&#8220;0px||||false|false&#8220; custom_margin_last_edited=&#8220;on|phone&#8220; animation_style=&#8220;fade&#8220; scroll_horizontal_motion_enable=&#8220;on&#8220; scroll_horizontal_motion=&#8220;0|50|50|100|-10|0|0&#8243; scroll_fade=&#8220;0|70|70|90|0|50%|100%&#8220; motion_trigger_start=&#8220;top&#8220; global_colors_info=&#8220;{}&#8220;]<\/p>\n<div class=\"icon-circle icon-circle-enterprise\"><i class=\"fa-sharp fa-thin fa-user\"><\/i><\/div>\n<p>[\/et_pb_text][\/et_pb_column][et_pb_column type=&#8220;3_4&#8243; _builder_version=&#8220;4.27.4&#8243; _module_preset=&#8220;default&#8220; global_colors_info=&#8220;{}&#8220;][et_pb_text _builder_version=&#8220;4.27.4&#8243; _dynamic_attributes=&#8220;link_option_url&#8220; _module_preset=&#8220;default&#8220; text_font_size=&#8220;16px&#8220; custom_margin=&#8220;15px||||false|false&#8220; link_option_url=&#8220;@ET-DC@eyJkeW5hbWljIjp0cnVlLCJjb250ZW50IjoicG9zdF9saW5rX3VybF9wYWdlIiwic2V0dGluZ3MiOnsicG9zdF9pZCI6IjU5NyJ9fQ==@&#8220; global_colors_info=&#8220;{}&#8220;]<\/p>\n<h2>Individuelle Begleitung<\/h2>\n<p>[\/et_pb_text][et_pb_text _builder_version=&#8220;4.27.4&#8243; _dynamic_attributes=&#8220;link_option_url&#8220; _module_preset=&#8220;default&#8220; text_font_size=&#8220;16px&#8220; link_option_url=&#8220;@ET-DC@eyJkeW5hbWljIjp0cnVlLCJjb250ZW50IjoicG9zdF9saW5rX3VybF9wYWdlIiwic2V0dGluZ3MiOnsicG9zdF9pZCI6IjU5NyJ9fQ==@&#8220; global_colors_info=&#8220;{}&#8220;]<\/p>\n<p>Wir bieten ein personalisiertes Coaching an, das jedem hilft, sich selbst besser kennenzulernen, seine Kommunikations- und Leadership-F\u00e4higkeiten zu entwickeln und sein Vertrauen in beruflichen wie pers\u00f6nlichen Situationen zu st\u00e4rken.<\/p>\n<p>[\/et_pb_text][et_pb_button button_url=&#8220;@ET-DC@eyJkeW5hbWljIjp0cnVlLCJjb250ZW50IjoicG9zdF9saW5rX3VybF9wYWdlIiwic2V0dGluZ3MiOnsicG9zdF9pZCI6IjU5NyJ9fQ==@&#8220; button_text=&#8220;Heben Sie ab&#8220; button_alignment_tablet=&#8220;&#8220; button_alignment_phone=&#8220;center&#8220; button_alignment_last_edited=&#8220;on|phone&#8220; _builder_version=&#8220;4.27.4&#8243; _dynamic_attributes=&#8220;button_url&#8220; custom_button=&#8220;on&#8220; button_text_size=&#8220;14px&#8220; button_text_color=&#8220;#000000&#8243; button_bg_color=&#8220;#FFFFFF&#8220; button_border_width=&#8220;1px&#8220; button_border_color=&#8220;#000000&#8243; button_border_radius=&#8220;50px&#8220; button_letter_spacing=&#8220;2px&#8220; button_font=&#8220;Lato|900||on|||||&#8220; button_use_icon=&#8220;off&#8220; custom_margin=&#8220;auto||30px||false|false&#8220; custom_padding=&#8220;7px|20px|5px|20px|false|false&#8220; button_text_size_tablet=&#8220;12px&#8220; button_text_size_phone=&#8220;12px&#8220; button_text_size_last_edited=&#8220;on|phone&#8220; locked=&#8220;off&#8220; global_colors_info=&#8220;{%22gcid-primary-color%22:%91%22button_border_color__hover%22,%22button_bg_color__hover%22,%22button_border_color__hover%22,%22button_bg_color__hover%22,%22button_border_color__hover%22,%22button_bg_color__hover%22,%22button_border_color__hover%22,%22button_bg_color__hover%22,%22button_border_color__hover%22,%22button_bg_color__hover%22%93,%22gcid-heading-color%22:%91%22button_text_color__hover%22,%22button_text_color__hover%22,%22button_text_color__hover%22,%22button_text_color__hover%22,%22button_text_color__hover%22%93}&#8220; button_text_size__hover_enabled=&#8220;off&#8220; button_one_text_size__hover_enabled=&#8220;off&#8220; button_two_text_size__hover_enabled=&#8220;off&#8220; button_text_color__hover_enabled=&#8220;on|hover&#8220; button_one_text_color__hover_enabled=&#8220;off&#8220; button_two_text_color__hover_enabled=&#8220;off&#8220; button_border_width__hover_enabled=&#8220;off&#8220; button_one_border_width__hover_enabled=&#8220;off&#8220; button_two_border_width__hover_enabled=&#8220;off&#8220; button_border_color__hover_enabled=&#8220;on|hover&#8220; button_one_border_color__hover_enabled=&#8220;off&#8220; button_two_border_color__hover_enabled=&#8220;off&#8220; button_border_radius__hover_enabled=&#8220;off&#8220; button_one_border_radius__hover_enabled=&#8220;off&#8220; button_two_border_radius__hover_enabled=&#8220;off&#8220; button_letter_spacing__hover_enabled=&#8220;off&#8220; button_one_letter_spacing__hover_enabled=&#8220;off&#8220; button_two_letter_spacing__hover_enabled=&#8220;off&#8220; button_bg_color__hover_enabled=&#8220;on|hover&#8220; button_one_bg_color__hover_enabled=&#8220;off&#8220; button_two_bg_color__hover_enabled=&#8220;off&#8220; button_bg_color__hover=&#8220;#f6d06f&#8220; button_bg_enable_color__hover=&#8220;on&#8220; button_border_color__hover=&#8220;#f6d06f&#8220; button_text_color__hover=&#8220;#2c2c2c&#8220; custom_css_main_element_last_edited=&#8220;on|phone&#8220; custom_css_main_element_phone=&#8220;width:100%;&#8220;][\/et_pb_button][\/et_pb_column][\/et_pb_row][\/et_pb_section]<\/p>\n","protected":false},"excerpt":{"rendered":"<p>Potenzial entfaltenGemeinsam wachsenNachhaltig wirkenEvolvia begleitet Einzelpersonen und Organisationen in ihrer menschlichen Entwicklung durch Training, Coaching und die Moderation von Workshops. Inspiriert von den Neurowissenschaften, f\u00f6rdert unser Ansatz die Selbsterkenntnis, authentische Zusammenarbeit und eine abgestimmte F\u00fchrung.\u2193UnternehmensbegleitungWir entwickeln die Schl\u00fcsselkompetenzen der Mitarbeitenden durch gezielte Schulungen in den Bereichen Management, Leadership, Kommunikation, Selbsterkenntnis und Personalwesen. Unsere Workshops bieten [&hellip;]<\/p>\n","protected":false},"author":1,"featured_media":0,"parent":0,"menu_order":0,"comment_status":"closed","ping_status":"closed","template":"","meta":{"_et_pb_use_builder":"on","_et_pb_old_content":"","_et_gb_content_width":"","inline_featured_image":false,"footnotes":""},"class_list":["post-204","page","type-page","status-publish","hentry"],"_links":{"self":[{"href":"https:\/\/evolvia.swiss\/de\/wp-json\/wp\/v2\/pages\/204","targetHints":{"allow":["GET"]}}],"collection":[{"href":"https:\/\/evolvia.swiss\/de\/wp-json\/wp\/v2\/pages"}],"about":[{"href":"https:\/\/evolvia.swiss\/de\/wp-json\/wp\/v2\/types\/page"}],"author":[{"embeddable":true,"href":"https:\/\/evolvia.swiss\/de\/wp-json\/wp\/v2\/users\/1"}],"replies":[{"embeddable":true,"href":"https:\/\/evolvia.swiss\/de\/wp-json\/wp\/v2\/comments?post=204"}],"version-history":[{"count":173,"href":"https:\/\/evolvia.swiss\/de\/wp-json\/wp\/v2\/pages\/204\/revisions"}],"predecessor-version":[{"id":1017,"href":"https:\/\/evolvia.swiss\/de\/wp-json\/wp\/v2\/pages\/204\/revisions\/1017"}],"wp:attachment":[{"href":"https:\/\/evolvia.swiss\/de\/wp-json\/wp\/v2\/media?parent=204"}],"curies":[{"name":"wp","href":"https:\/\/api.w.org\/{rel}","templated":true}]}}