{"id":515,"date":"2025-09-11T13:02:55","date_gmt":"2025-09-11T13:02:55","guid":{"rendered":"https:\/\/evolvia.swiss\/?page_id=515"},"modified":"2025-09-29T12:13:53","modified_gmt":"2025-09-29T12:13:53","slug":"unternehmen","status":"publish","type":"page","link":"https:\/\/evolvia.swiss\/de\/begleitung\/unternehmen\/","title":{"rendered":"Unternehmensbegleitung"},"content":{"rendered":"<p>[et_pb_section fb_built=&#8220;1&#8243; custom_padding_last_edited=&#8220;on|tablet&#8220; _builder_version=&#8220;4.27.4&#8243; _module_preset=&#8220;default&#8220; background_image=&#8220;https:\/\/evolvia.swiss\/wp-content\/uploads\/2025\/09\/evolvia-accompagnement-entreprise.jpg&#8220; background_position=&#8220;bottom_right&#8220; height=&#8220;75vh&#8220; height_tablet=&#8220;50vh&#8220; height_phone=&#8220;50vh&#8220; height_last_edited=&#8220;on|phone&#8220; custom_margin_tablet=&#8220;&#8220; custom_margin_phone=&#8220;&#8220; custom_margin_last_edited=&#8220;on|tablet&#8220; custom_padding=&#8220;||||false|false&#8220; custom_padding_tablet=&#8220;20px||||false|false&#8220; custom_padding_phone=&#8220;20px||||false|false&#8220; bottom_divider_style=&#8220;slant&#8220; bottom_divider_color=&#8220;#FFFFFF&#8220; bottom_divider_height=&#8220;3vw&#8220; bottom_divider_flip=&#8220;horizontal&#8220; locked=&#8220;off&#8220; global_colors_info=&#8220;{}&#8220;][et_pb_row column_structure=&#8220;1_2,1_2&#8243; custom_padding_last_edited=&#8220;on|phone&#8220; _builder_version=&#8220;4.27.4&#8243; _module_preset=&#8220;default&#8220; width=&#8220;90%&#8220; max_width=&#8220;2560px&#8220; custom_margin=&#8220;0px||||false|false&#8220; custom_padding=&#8220;||||false|false&#8220; custom_padding_tablet=&#8220;0px||||false|false&#8220; custom_padding_phone=&#8220;0px||||false|false&#8220; global_colors_info=&#8220;{}&#8220;][et_pb_column type=&#8220;1_2&#8243; _builder_version=&#8220;4.27.4&#8243; _module_preset=&#8220;default&#8220; global_colors_info=&#8220;{}&#8220;][et_pb_text _builder_version=&#8220;4.27.4&#8243; _module_preset=&#8220;default&#8220; header_text_align=&#8220;right&#8220; header_text_color=&#8220;#000000&#8243; header_font_size=&#8220;5vw&#8220; header_font_size_tablet=&#8220;50px&#8220; header_font_size_phone=&#8220;30px&#8220; header_font_size_last_edited=&#8220;on|phone&#8220; header_text_shadow_style=&#8220;preset3&#8243; header_text_shadow_color=&#8220;#FFFFFF&#8220; global_colors_info=&#8220;{}&#8220;]<\/p>\n<h1 style=\"text-align: left;\">Unternehmensbegleitung<\/h1>\n<p>[\/et_pb_text][\/et_pb_column][et_pb_column type=&#8220;1_2&#8243; _builder_version=&#8220;4.27.4&#8243; _module_preset=&#8220;default&#8220; global_colors_info=&#8220;{}&#8220;][\/et_pb_column][\/et_pb_row][\/et_pb_section][et_pb_section fb_built=&#8220;1&#8243; _builder_version=&#8220;4.27.4&#8243; _module_preset=&#8220;default&#8220; custom_padding=&#8220;0px||0px||false|false&#8220; bottom_divider_color=&#8220;gcid-dd892067-bb4e-4360-a209-99e0238c51b1&#8243; bottom_divider_height=&#8220;3vw&#8220; bottom_divider_flip=&#8220;horizontal&#8220; locked=&#8220;off&#8220; global_colors_info=&#8220;{%22gcid-dd892067-bb4e-4360-a209-99e0238c51b1%22:%91%22bottom_divider_color%22%93}&#8220;][et_pb_row column_structure=&#8220;1_4,3_4&#8243; _builder_version=&#8220;4.27.4&#8243; _module_preset=&#8220;default&#8220; custom_margin=&#8220;50px||||false|false&#8220; custom_margin_tablet=&#8220;&#8220; custom_margin_phone=&#8220;&#8220; custom_margin_last_edited=&#8220;on|phone&#8220; custom_padding=&#8220;0px||0px||false|false&#8220; locked=&#8220;off&#8220; global_colors_info=&#8220;{}&#8220;][et_pb_column type=&#8220;1_4&#8243; _builder_version=&#8220;4.27.4&#8243; _module_preset=&#8220;default&#8220; global_colors_info=&#8220;{}&#8220;][\/et_pb_column][et_pb_column type=&#8220;3_4&#8243; _builder_version=&#8220;4.27.4&#8243; _module_preset=&#8220;default&#8220; global_colors_info=&#8220;{}&#8220;][et_pb_text _builder_version=&#8220;4.27.4&#8243; _module_preset=&#8220;default&#8220; text_font_size=&#8220;16px&#8220; header_2_font_size=&#8220;32px&#8220; header_3_font=&#8220;|600|on||||||&#8220; header_3_font_size=&#8220;26px&#8220; header_3_line_height=&#8220;1.2em&#8220; header_3_font_size_tablet=&#8220;24px&#8220; header_3_font_size_phone=&#8220;18px&#8220; header_3_font_size_last_edited=&#8220;on|desktop&#8220; global_colors_info=&#8220;{}&#8220;]<\/p>\n<h2>Talente f\u00f6rdern, Teams weiterentwickeln.<\/h2>\n<h3>Wir agieren im Herzen von Organisationen, um menschliche, leistungsstarke und nachhaltige Umfelder zu schaffen.<\/h3>\n<h3>Unsere Formate passen sich Ihren Bed\u00fcrfnissen an:<\/h3>\n<p>[\/et_pb_text][\/et_pb_column][\/et_pb_row][et_pb_row column_structure=&#8220;1_4,3_4&#8243; _builder_version=&#8220;4.27.4&#8243; _module_preset=&#8220;default&#8220; global_colors_info=&#8220;{}&#8220;][et_pb_column type=&#8220;1_4&#8243; _builder_version=&#8220;4.27.4&#8243; _module_preset=&#8220;default&#8220; global_colors_info=&#8220;{}&#8220;][\/et_pb_column][et_pb_column type=&#8220;3_4&#8243; _builder_version=&#8220;4.27.4&#8243; _module_preset=&#8220;default&#8220; global_colors_info=&#8220;{}&#8220;][et_pb_text module_class=&#8220;evolvia-inside-page-anchor-link&#8220; _builder_version=&#8220;4.27.4&#8243; _module_preset=&#8220;default&#8220; custom_margin=&#8220;15px||||false|false&#8220; global_colors_info=&#8220;{}&#8220;]<a href=\"#kompetenzentwicklung\"> Kompetenzentwicklung <\/a> <a href=\"#workshops\">Workshops<\/a> <a href=\"#gemeinsame-entwicklung\">Gemeinsame Entwicklung<\/a> <a href=\"#vertrauensperson\">Vertrauensperson<\/a>[\/et_pb_text][\/et_pb_column][\/et_pb_row][\/et_pb_section][et_pb_section fb_built=&#8220;1&#8243; module_id=&#8220;kompetenzentwicklung&#8220; _builder_version=&#8220;4.27.4&#8243; _module_preset=&#8220;default&#8220; bottom_divider_style=&#8220;slant&#8220; bottom_divider_color=&#8220;gcid-dd892067-bb4e-4360-a209-99e0238c51b1&#8243; bottom_divider_height=&#8220;3vw&#8220; bottom_divider_flip=&#8220;horizontal&#8220; global_colors_info=&#8220;{%22gcid-dd892067-bb4e-4360-a209-99e0238c51b1%22:%91%22bottom_divider_color%22%93}&#8220;][et_pb_row column_structure=&#8220;1_4,3_4&#8243; _builder_version=&#8220;4.27.4&#8243; _module_preset=&#8220;default&#8220; global_colors_info=&#8220;{}&#8220;][et_pb_column type=&#8220;1_4&#8243; _builder_version=&#8220;4.27.4&#8243; _module_preset=&#8220;default&#8220; global_colors_info=&#8220;{}&#8220;][et_pb_text module_class=&#8220;evolvia-icon&#8220; _builder_version=&#8220;4.27.4&#8243; _module_preset=&#8220;default&#8220; custom_margin=&#8220;80px||||false|false&#8220; custom_margin_tablet=&#8220;0px||||false|false&#8220; custom_margin_phone=&#8220;0px||||false|false&#8220; custom_margin_last_edited=&#8220;on|phone&#8220; animation_style=&#8220;fade&#8220; scroll_horizontal_motion_enable=&#8220;on&#8220; scroll_horizontal_motion=&#8220;0|50|50|100|-10|0|0&#8243; scroll_fade=&#8220;0|70|70|90|0|50%|100%&#8220; motion_trigger_start=&#8220;top&#8220; global_colors_info=&#8220;{}&#8220;]<\/p>\n<div class=\"icon-circle icon-circle-enterprise\"><i class=\"fa-sharp fa-thin fa-graduation-cap\"><\/i><\/div>\n<p>[\/et_pb_text][\/et_pb_column][et_pb_column type=&#8220;3_4&#8243; _builder_version=&#8220;4.27.4&#8243; _module_preset=&#8220;default&#8220; global_colors_info=&#8220;{}&#8220;][et_pb_text _builder_version=&#8220;4.27.4&#8243; _module_preset=&#8220;default&#8220; text_font_size=&#8220;16px&#8220; custom_margin=&#8220;15px||||false|false&#8220; global_colors_info=&#8220;{}&#8220;]<\/p>\n<h2>Kompetenzentwicklung (Schulungen)<\/h2>\n<p>[\/et_pb_text][et_pb_text _builder_version=&#8220;4.27.4&#8243; _module_preset=&#8220;default&#8220; text_font_size=&#8220;16px&#8220; global_colors_info=&#8220;{}&#8220;]<\/p>\n<p>In einer sich stark wandelnden Berufswelt sind menschliche Kompetenzen (Kommunikation, F\u00fchrung, emotionale Intelligenz, Teamzusammenhalt\u2026) S\u00e4ulen der Agilit\u00e4t und Nachhaltigkeit.<\/p>\n<p>Unsere Schulungen sind darauf ausgelegt, zu engagieren, zu mobilisieren und zu transformieren:<\/p>\n<ul>\n<li>Klare und strukturierte Inhalte, inspiriert von den <a href=\"https:\/\/evolvia.swiss\/de\/werkzeuge\/#neurosciences\">Neurowissenschaften<\/a> und Verhaltenswissenschaften.<\/li>\n<li>Praktische Erfahrungen (\u00dcbungen, Rollenspiele, Simulationen).<\/li>\n<li>Reflektierendes Feedback und gemeinsame Entwicklung von schnell anwendbaren und \u00fcbertragbaren Werkzeugen.<\/li>\n<\/ul>\n<p>Jeder Teilnehmer geht mit einem vertieften Verst\u00e4ndnis seiner St\u00e4rken und konkreten Wegen zur Weiterentwicklung.<\/p>\n<p>[\/et_pb_text][\/et_pb_column][\/et_pb_row][\/et_pb_section][et_pb_section fb_built=&#8220;1&#8243; module_id=&#8220;workshops&#8220; _builder_version=&#8220;4.27.4&#8243; _module_preset=&#8220;default&#8220; background_color=&#8220;gcid-dd892067-bb4e-4360-a209-99e0238c51b1&#8243; bottom_divider_style=&#8220;slant&#8220; bottom_divider_color=&#8220;#FFFFFF&#8220; bottom_divider_height=&#8220;3vw&#8220; bottom_divider_flip=&#8220;horizontal&#8220; global_colors_info=&#8220;{%22gcid-dd892067-bb4e-4360-a209-99e0238c51b1%22:%91%22background_color%22%93}&#8220;][et_pb_row column_structure=&#8220;1_4,3_4&#8243; _builder_version=&#8220;4.27.4&#8243; _module_preset=&#8220;default&#8220; global_colors_info=&#8220;{}&#8220;][et_pb_column type=&#8220;1_4&#8243; _builder_version=&#8220;4.27.4&#8243; _module_preset=&#8220;default&#8220; global_colors_info=&#8220;{}&#8220;][et_pb_text module_class=&#8220;evolvia-icon&#8220; _builder_version=&#8220;4.27.4&#8243; _module_preset=&#8220;default&#8220; custom_margin=&#8220;80px||||false|false&#8220; custom_margin_tablet=&#8220;0px||||false|false&#8220; custom_margin_phone=&#8220;0px||||false|false&#8220; custom_margin_last_edited=&#8220;on|phone&#8220; animation_style=&#8220;fade&#8220; scroll_horizontal_motion_enable=&#8220;on&#8220; scroll_horizontal_motion=&#8220;0|50|50|100|-10|0|0&#8243; motion_trigger_start=&#8220;top&#8220; global_colors_info=&#8220;{}&#8220;]<\/p>\n<div class=\"icon-circle icon-circle-enterprise\"><i class=\"fa-sharp fa-thin fa-people-group\"><\/i><\/div>\n<p>[\/et_pb_text][\/et_pb_column][et_pb_column type=&#8220;3_4&#8243; _builder_version=&#8220;4.27.4&#8243; _module_preset=&#8220;default&#8220; global_colors_info=&#8220;{}&#8220;][et_pb_text module_id=&#8220;workshops&#8220; _builder_version=&#8220;4.27.4&#8243; _module_preset=&#8220;default&#8220; text_font_size=&#8220;16px&#8220; custom_margin=&#8220;15px||||false|false&#8220; global_colors_info=&#8220;{}&#8220;]<\/p>\n<h2>Begleitung \/ Workshops<\/h2>\n<p>[\/et_pb_text][et_pb_text _builder_version=&#8220;4.27.4&#8243; _module_preset=&#8220;default&#8220; text_font_size=&#8220;16px&#8220; global_colors_info=&#8220;{}&#8220;]<\/p>\n<p>Manchmal ist ein immersiver Workshop der ideale Katalysator, um gemeinsam besser nachzudenken, Ideen zu entwickeln oder Blockaden zu \u00fcberwinden.<\/p>\n<p>Wir bieten ma\u00dfgeschneiderte Formate an:<\/p>\n<ul>\n<li>Die kollektive Kreativit\u00e4t anregen.<\/li>\n<li>Zwischenmenschliche Blockaden \u00fcberwinden.<\/li>\n<li>Den Zusammenhalt rund um ein Projekt oder eine Vision st\u00e4rken.<\/li>\n<\/ul>\n<p>Jede Einheit ist so konzipiert, dass jeder sich ausdr\u00fccken, von anderen lernen und mit einem klaren Handlungsschritt weitergehen kann. Die <a href=\"https:\/\/evolvia.swiss\/de\/werkzeuge\/\">Werkzeuge<\/a> werden je nach Bedarf eingesetzt und angepasst. <\/p>\n<p>[\/et_pb_text][\/et_pb_column][\/et_pb_row][\/et_pb_section][et_pb_section fb_built=&#8220;1&#8243; module_id=&#8220;Co-Entwicklung&#8220; _builder_version=&#8220;4.27.4&#8243; _module_preset=&#8220;default&#8220; bottom_divider_style=&#8220;slant&#8220; bottom_divider_color=&#8220;gcid-dd892067-bb4e-4360-a209-99e0238c51b1&#8243; bottom_divider_height=&#8220;3vw&#8220; bottom_divider_flip=&#8220;horizontal&#8220; global_colors_info=&#8220;{%22gcid-dd892067-bb4e-4360-a209-99e0238c51b1%22:%91%22bottom_divider_color%22%93}&#8220;][et_pb_row column_structure=&#8220;1_4,3_4&#8243; _builder_version=&#8220;4.27.4&#8243; _module_preset=&#8220;default&#8220; global_colors_info=&#8220;{}&#8220;][et_pb_column type=&#8220;1_4&#8243; _builder_version=&#8220;4.27.4&#8243; _module_preset=&#8220;default&#8220; global_colors_info=&#8220;{}&#8220;][et_pb_text module_class=&#8220;evolvia-icon&#8220; _builder_version=&#8220;4.27.4&#8243; _module_preset=&#8220;default&#8220; custom_margin=&#8220;80px||||false|false&#8220; custom_margin_tablet=&#8220;0px||||false|false&#8220; custom_margin_phone=&#8220;0px||||false|false&#8220; custom_margin_last_edited=&#8220;on|phone&#8220; animation_style=&#8220;fade&#8220; scroll_horizontal_motion_enable=&#8220;on&#8220; scroll_horizontal_motion=&#8220;0|50|50|100|-10|0|0&#8243; global_colors_info=&#8220;{}&#8220;]<\/p>\n<div class=\"icon-circle icon-circle-enterprise\"><i class=\"fa-sharp fa-thin fa-brain-circuit\"><\/i><\/div>\n<p>[\/et_pb_text][\/et_pb_column][et_pb_column type=&#8220;3_4&#8243; _builder_version=&#8220;4.27.4&#8243; _module_preset=&#8220;default&#8220; global_colors_info=&#8220;{}&#8220;][et_pb_text module_id=&#8220;gemeinsame-entwicklung&#8220; _builder_version=&#8220;4.27.4&#8243; _module_preset=&#8220;default&#8220; text_font_size=&#8220;16px&#8220; custom_margin=&#8220;15px||||false|false&#8220; global_colors_info=&#8220;{}&#8220;]<\/p>\n<h2>Professionelle Co-Entwicklung (kollektive Intelligenz)<\/h2>\n<p>[\/et_pb_text][et_pb_text _builder_version=&#8220;4.27.4&#8243; _module_preset=&#8220;default&#8220; text_font_size=&#8220;16px&#8220; hover_enabled=&#8220;0&#8243; global_colors_info=&#8220;{}&#8220; sticky_enabled=&#8220;0&#8243;]Die professionelle Co-Entwicklung ist ein hervorragender Hebel: Es ist eine Gruppe von Personen mit vielf\u00e4ltigen und unterschiedlichen Hintergr\u00fcnden, die im Vertrauen jedem Einzelnen hilft, seine Herausforderungen zu erkunden, L\u00f6sungen auszutauschen und sich gegenseitig zu bereichern.<\/p>\n<p>Dabei:<\/p>\n<ul>\n<li>Wir moderieren die Gruppendynamik und gew\u00e4hrleisten dabei die Einhaltung des Rahmens und die Wertsch\u00e4tzung der Beitr\u00e4ge.<\/li>\n<li>Wir stellen die Werkzeuge f\u00fcr den Prozess bereit (Fragenstellung, gegenseitiges Feedback, konkrete Massnahmen).<\/li>\n<li>Wir begleiten die schrittweise Transformation anstatt einer einseitigen Intervention.<\/li>\n<\/ul>\n<p><a href=\"\/de\/werkzeuge\/#gemeinsame-entwicklung\">Dieser Ansatz schafft eine kollektive Lernspirale und langfristige Autonomie.<\/a>[\/et_pb_text][\/et_pb_column][\/et_pb_row][\/et_pb_section][et_pb_section fb_built=&#8220;1&#8243; module_id=&#8220;vertrauensperson&#8220; _builder_version=&#8220;4.27.4&#8243; _module_preset=&#8220;default&#8220; background_color=&#8220;gcid-dd892067-bb4e-4360-a209-99e0238c51b1&#8243; bottom_divider_color=&#8220;#FFFFFF&#8220; bottom_divider_height=&#8220;3vw&#8220; bottom_divider_flip=&#8220;horizontal&#8220; global_colors_info=&#8220;{%22gcid-dd892067-bb4e-4360-a209-99e0238c51b1%22:%91%22background_color%22%93}&#8220;][et_pb_row column_structure=&#8220;1_4,3_4&#8243; _builder_version=&#8220;4.27.4&#8243; _module_preset=&#8220;default&#8220; global_colors_info=&#8220;{}&#8220;][et_pb_column type=&#8220;1_4&#8243; _builder_version=&#8220;4.27.4&#8243; _module_preset=&#8220;default&#8220; global_colors_info=&#8220;{}&#8220;][et_pb_text module_class=&#8220;evolvia-icon&#8220; _builder_version=&#8220;4.27.4&#8243; _module_preset=&#8220;default&#8220; custom_margin=&#8220;80px||||false|false&#8220; custom_margin_tablet=&#8220;0px||||false|false&#8220; custom_margin_phone=&#8220;0px||||false|false&#8220; custom_margin_last_edited=&#8220;on|phone&#8220; animation_style=&#8220;fade&#8220; scroll_horizontal_motion_enable=&#8220;on&#8220; scroll_horizontal_motion=&#8220;0|50|50|100|-10|0|0&#8243; global_colors_info=&#8220;{}&#8220;]<\/p>\n<div class=\"icon-circle icon-circle-enterprise\"><i class=\"fa-sharp fa-thin fa-people-arrows\"><\/i><\/div>\n<p>[\/et_pb_text][\/et_pb_column][et_pb_column type=&#8220;3_4&#8243; _builder_version=&#8220;4.27.4&#8243; _module_preset=&#8220;default&#8220; global_colors_info=&#8220;{}&#8220;][et_pb_text _builder_version=&#8220;4.27.4&#8243; _module_preset=&#8220;default&#8220; text_font_size=&#8220;16px&#8220; custom_margin=&#8220;15px||||false|false&#8220; global_colors_info=&#8220;{}&#8220;]<\/p>\n<h2>Vertrauensperson im Unternehmen (PCE)<\/h2>\n<p>[\/et_pb_text][et_pb_text _builder_version=&#8220;4.27.4&#8243; _module_preset=&#8220;default&#8220; text_font_size=&#8220;16px&#8220; global_colors_info=&#8220;{}&#8220;]<\/p>\n<p>Als Mitglied der <a href=\"https:\/\/www.aspce.ch\" target=\"_blank\" rel=\"noopener\">ASPCE<\/a> biete ich einen neutralen, vertraulichen Raum zum Zuh\u00f6ren und zur Unterst\u00fctzung innerhalb des Unternehmens.<\/p>\n<p>Meine Mission:<\/p>\n<ul>\n<li>Empathische Begleitung f\u00fcr Mitarbeitende in Schwierigkeiten anbieten.<\/li>\n<li>Als Vermittler, Bindeglied oder externe Ressource fungieren.<\/li>\n<li>Zur Pr\u00e4vention psychosozialer Risiken beitragen.<\/li>\n<\/ul>\n<p>Wohlwollen beschr\u00e4nkt sich nicht auf Worte \u2014 es verk\u00f6rpert sich in Vertrauen, Diskretion und Respekt vor der Person.<\/p>\n<p>[\/et_pb_text][\/et_pb_column][\/et_pb_row][\/et_pb_section][et_pb_section fb_built=&#8220;1&#8243; module_id=&#8220;trima&#8220; _builder_version=&#8220;4.27.4&#8243; _module_preset=&#8220;default&#8220; background_color=&#8220;gcid-dd892067-bb4e-4360-a209-99e0238c51b1&#8243; custom_padding=&#8220;||||false|false&#8220; bottom_divider_style=&#8220;slant&#8220; bottom_divider_color=&#8220;gcid-heading-color&#8220; bottom_divider_height=&#8220;3vw&#8220; bottom_divider_flip=&#8220;horizontal&#8220; locked=&#8220;off&#8220; global_colors_info=&#8220;{%22gcid-heading-color%22:%91%22bottom_divider_color%22%93,%22gcid-dd892067-bb4e-4360-a209-99e0238c51b1%22:%91%22background_color%22%93}&#8220;][\/et_pb_section]<\/p>\n","protected":false},"excerpt":{"rendered":"<p>UnternehmensbegleitungTalente f\u00f6rdern, Teams weiterentwickeln. Wir agieren im Herzen von Organisationen, um menschliche, leistungsstarke und nachhaltige Umfelder zu schaffen. Unsere Formate passen sich Ihren Bed\u00fcrfnissen an: Kompetenzentwicklung Workshops Gemeinsame Entwicklung VertrauenspersonKompetenzentwicklung (Schulungen)In einer sich stark wandelnden Berufswelt sind menschliche Kompetenzen (Kommunikation, F\u00fchrung, emotionale Intelligenz, Teamzusammenhalt\u2026) S\u00e4ulen der Agilit\u00e4t und Nachhaltigkeit. Unsere Schulungen sind darauf ausgelegt, zu [&hellip;]<\/p>\n","protected":false},"author":1,"featured_media":0,"parent":204,"menu_order":0,"comment_status":"closed","ping_status":"closed","template":"","meta":{"_et_pb_use_builder":"on","_et_pb_old_content":"","_et_gb_content_width":"","inline_featured_image":false,"footnotes":""},"class_list":["post-515","page","type-page","status-publish","hentry"],"_links":{"self":[{"href":"https:\/\/evolvia.swiss\/de\/wp-json\/wp\/v2\/pages\/515","targetHints":{"allow":["GET"]}}],"collection":[{"href":"https:\/\/evolvia.swiss\/de\/wp-json\/wp\/v2\/pages"}],"about":[{"href":"https:\/\/evolvia.swiss\/de\/wp-json\/wp\/v2\/types\/page"}],"author":[{"embeddable":true,"href":"https:\/\/evolvia.swiss\/de\/wp-json\/wp\/v2\/users\/1"}],"replies":[{"embeddable":true,"href":"https:\/\/evolvia.swiss\/de\/wp-json\/wp\/v2\/comments?post=515"}],"version-history":[{"count":58,"href":"https:\/\/evolvia.swiss\/de\/wp-json\/wp\/v2\/pages\/515\/revisions"}],"predecessor-version":[{"id":1026,"href":"https:\/\/evolvia.swiss\/de\/wp-json\/wp\/v2\/pages\/515\/revisions\/1026"}],"up":[{"embeddable":true,"href":"https:\/\/evolvia.swiss\/de\/wp-json\/wp\/v2\/pages\/204"}],"wp:attachment":[{"href":"https:\/\/evolvia.swiss\/de\/wp-json\/wp\/v2\/media?parent=515"}],"curies":[{"name":"wp","href":"https:\/\/api.w.org\/{rel}","templated":true}]}}