{"id":598,"date":"2025-09-11T14:13:45","date_gmt":"2025-09-11T14:13:45","guid":{"rendered":"https:\/\/evolvia.swiss\/?page_id=598"},"modified":"2025-09-29T12:07:16","modified_gmt":"2025-09-29T12:07:16","slug":"individuelle","status":"publish","type":"page","link":"https:\/\/evolvia.swiss\/de\/begleitung\/individuelle\/","title":{"rendered":"Individuelle Begleitung"},"content":{"rendered":"<p>[et_pb_section fb_built=&#8220;1&#8243; custom_padding_last_edited=&#8220;on|tablet&#8220; _builder_version=&#8220;4.27.4&#8243; _module_preset=&#8220;default&#8220; background_image=&#8220;https:\/\/evolvia.swiss\/wp-content\/uploads\/2025\/09\/evolvia-papillon-individuel.jpg&#8220; background_position=&#8220;bottom_right&#8220; height=&#8220;75vh&#8220; height_tablet=&#8220;50vh&#8220; height_phone=&#8220;50vh&#8220; height_last_edited=&#8220;on|phone&#8220; custom_margin_tablet=&#8220;&#8220; custom_margin_phone=&#8220;&#8220; custom_margin_last_edited=&#8220;on|tablet&#8220; custom_padding=&#8220;||||false|false&#8220; custom_padding_tablet=&#8220;20px||||false|false&#8220; custom_padding_phone=&#8220;20px||||false|false&#8220; bottom_divider_style=&#8220;slant&#8220; bottom_divider_color=&#8220;#FFFFFF&#8220; bottom_divider_height=&#8220;3vw&#8220; bottom_divider_flip=&#8220;horizontal&#8220; global_colors_info=&#8220;{}&#8220;][et_pb_row column_structure=&#8220;1_2,1_2&#8243; custom_padding_last_edited=&#8220;on|phone&#8220; _builder_version=&#8220;4.27.4&#8243; _module_preset=&#8220;default&#8220; width=&#8220;90%&#8220; max_width=&#8220;2560px&#8220; custom_margin=&#8220;0px||||false|false&#8220; custom_padding=&#8220;||||false|false&#8220; custom_padding_tablet=&#8220;0px||||false|false&#8220; custom_padding_phone=&#8220;0px||||false|false&#8220; global_colors_info=&#8220;{}&#8220;][et_pb_column type=&#8220;1_2&#8243; _builder_version=&#8220;4.27.4&#8243; _module_preset=&#8220;default&#8220; global_colors_info=&#8220;{}&#8220;][et_pb_text _builder_version=&#8220;4.27.4&#8243; _module_preset=&#8220;default&#8220; header_text_align=&#8220;left&#8220; header_text_color=&#8220;#FFFFFF&#8220; header_font_size=&#8220;5vw&#8220; header_font_size_tablet=&#8220;50px&#8220; header_font_size_phone=&#8220;30px&#8220; header_font_size_last_edited=&#8220;on|phone&#8220; header_text_shadow_style=&#8220;preset3&#8243; global_colors_info=&#8220;{}&#8220;]<\/p>\n<h1>Individuelle Begleitung<\/h1>\n<p>[\/et_pb_text][\/et_pb_column][et_pb_column type=&#8220;1_2&#8243; _builder_version=&#8220;4.27.4&#8243; _module_preset=&#8220;default&#8220; global_colors_info=&#8220;{}&#8220;][\/et_pb_column][\/et_pb_row][\/et_pb_section][et_pb_section fb_built=&#8220;1&#8243; module_id=&#8220;Schulung&#8220; _builder_version=&#8220;4.27.4&#8243; _module_preset=&#8220;default&#8220; bottom_divider_color=&#8220;gcid-dd892067-bb4e-4360-a209-99e0238c51b1&#8243; bottom_divider_height=&#8220;3vw&#8220; bottom_divider_flip=&#8220;horizontal&#8220; locked=&#8220;off&#8220; global_colors_info=&#8220;{%22gcid-dd892067-bb4e-4360-a209-99e0238c51b1%22:%91%22bottom_divider_color%22%93}&#8220;][et_pb_row column_structure=&#8220;1_4,3_4&#8243; _builder_version=&#8220;4.27.4&#8243; _module_preset=&#8220;default&#8220; global_colors_info=&#8220;{}&#8220;][et_pb_column type=&#8220;1_4&#8243; _builder_version=&#8220;4.27.4&#8243; _module_preset=&#8220;default&#8220; global_colors_info=&#8220;{}&#8220;][et_pb_text module_class=&#8220;evolvia-icon&#8220; _builder_version=&#8220;4.27.4&#8243; _module_preset=&#8220;default&#8220; custom_margin=&#8220;80px||||false|false&#8220; custom_margin_tablet=&#8220;0px||||false|false&#8220; custom_margin_phone=&#8220;0px||||false|false&#8220; custom_margin_last_edited=&#8220;on|phone&#8220; animation_style=&#8220;fade&#8220; scroll_horizontal_motion_enable=&#8220;on&#8220; scroll_horizontal_motion=&#8220;0|50|50|100|-10|0|0&#8243; motion_trigger_start=&#8220;top&#8220; locked=&#8220;off&#8220; global_colors_info=&#8220;{}&#8220;]<\/p>\n<div class=\"icon-circle icon-circle-enterprise\"><i class=\"fa-sharp fa-thin fa-handshake-angle\"><\/i><\/div>\n<p>[\/et_pb_text][\/et_pb_column][et_pb_column type=&#8220;3_4&#8243; _builder_version=&#8220;4.27.4&#8243; _module_preset=&#8220;default&#8220; global_colors_info=&#8220;{}&#8220;][et_pb_text _builder_version=&#8220;4.27.4&#8243; _module_preset=&#8220;default&#8220; custom_margin=&#8220;15px||||false|false&#8220; global_colors_info=&#8220;{}&#8220;]<\/p>\n<h2>Ein Raum, um sich (wieder)zufinden, sich (wieder)zu erkennen und ins Handeln zu kommen.<\/h2>\n<p>[\/et_pb_text][et_pb_text _builder_version=&#8220;4.27.4&#8243; _module_preset=&#8220;default&#8220; text_font_size=&#8220;16px&#8220; hover_enabled=&#8220;0&#8243; custom_css_free_form=&#8220;selector h4 {margin-top:20px}&#8220; locked=&#8220;off&#8220; global_colors_info=&#8220;{}&#8220; sticky_enabled=&#8220;0&#8243;]Coaching ist eine personalisierte Begleitung, die es Ihnen erm\u00f6glicht, Abstand zu gewinnen, Ihre Anliegen zu kl\u00e4ren, Ihre Ressourcen zu mobilisieren und konkret voranzukommen.<\/p>\n<p>Ob Sie sich in einem \u00dcbergang befinden, Fragen haben oder vor einer beruflichen oder pers\u00f6nlichen Herausforderung stehen, biete ich Ihnen einen Raum zum Zuh\u00f6ren, Nachdenken und zur Bewegung. Ein sicherer, urteilsfreier Raum, um zu wagen, zu erforschen, zu testen, zu entscheiden.<\/p>\n<h4>Woran arbeiten wir konkret?<\/h4>\n<ul>\n<li>Sich selbst besser kennenlernen (Werte, Bed\u00fcrfnisse, Hemmnisse, Hebel).<\/li>\n<li>An Selbstvertrauen, Durchsetzungsverm\u00f6gen und Klarheit gewinnen.<\/li>\n<li>Sinn und Koh\u00e4renz in den eigenen Entscheidungen finden.<\/li>\n<li>Die eigene F\u00fchrungskompetenz und Haltung entwickeln.<\/li>\n<li>Fortschritte bei einer konkreten Situation erzielen, die Sie blockiert.<\/li>\n<\/ul>\n<h4>Mein Ansatz<\/h4>\n<ul>\n<li>Basierend auf den <a href=\"https:\/\/evolvia.swiss\/de\/werkzeuge\/#neurowissenschaften\">Neurowissenschaften<\/a>, erm\u00f6glicht sie es zu verstehen, wie unser Gehirn unter Stress, bei Motivation oder im Wandel funktioniert.<\/li>\n<li>Sie st\u00fctzt sich auf die Tools <a href=\"https:\/\/evolvia.swiss\/de\/werkzeuge\/#insights-discovery\">Insights Discovery<\/a>\u00ae oder <a href=\"https:\/\/evolvia.swiss\/de\/werkzeuge\/#trima\">TRIMA<\/a>, je nachdem, was Ihnen hilft, sich besser zu orientieren.<\/li>\n<li>Immer auf konkretes Handeln ausgerichtet und im Einklang mit dem, wer Sie sind.<\/li>\n<\/ul>\n<h4>Eine Begleitung zur Autonomie<\/h4>\n<p>Sie stehen im Mittelpunkt des Prozesses. Unsere Rolle ist es, Ihnen zu helfen, Ihr eigenes System wieder in Bewegung zu bringen.<\/p>\n<p>Am Ende des Coachings gehen Sie mit Schl\u00fcsseln, Werkzeugen, einer klareren Vision und vor allem mit dem Wunsch und der F\u00e4higkeit, eigenst\u00e4ndig voranzukommen. Coaching ist keine Kr\u00fccke, sondern ein Sprungbrett.[\/et_pb_text][\/et_pb_column][\/et_pb_row][\/et_pb_section][et_pb_section fb_built=&#8220;1&#8243; module_id=&#8220;trima&#8220; _builder_version=&#8220;4.27.4&#8243; _module_preset=&#8220;default&#8220; custom_padding=&#8220;||||false|false&#8220; bottom_divider_style=&#8220;slant&#8220; bottom_divider_color=&#8220;gcid-heading-color&#8220; bottom_divider_height=&#8220;3vw&#8220; bottom_divider_flip=&#8220;horizontal&#8220; locked=&#8220;off&#8220; global_colors_info=&#8220;{%22gcid-heading-color%22:%91%22bottom_divider_color%22%93}&#8220;][\/et_pb_section]<\/p>\n","protected":false},"excerpt":{"rendered":"<p>Individuelle BegleitungEin Raum, um sich (wieder)zufinden, sich (wieder)zu erkennen und ins Handeln zu kommen.Coaching ist eine personalisierte Begleitung, die es Ihnen erm\u00f6glicht, Abstand zu gewinnen, Ihre Anliegen zu kl\u00e4ren, Ihre Ressourcen zu mobilisieren und konkret voranzukommen. Ob Sie sich in einem \u00dcbergang befinden, Fragen haben oder vor einer beruflichen oder pers\u00f6nlichen Herausforderung stehen, biete ich [&hellip;]<\/p>\n","protected":false},"author":1,"featured_media":0,"parent":204,"menu_order":0,"comment_status":"closed","ping_status":"closed","template":"","meta":{"_et_pb_use_builder":"on","_et_pb_old_content":"","_et_gb_content_width":"","inline_featured_image":false,"footnotes":""},"class_list":["post-598","page","type-page","status-publish","hentry"],"_links":{"self":[{"href":"https:\/\/evolvia.swiss\/de\/wp-json\/wp\/v2\/pages\/598","targetHints":{"allow":["GET"]}}],"collection":[{"href":"https:\/\/evolvia.swiss\/de\/wp-json\/wp\/v2\/pages"}],"about":[{"href":"https:\/\/evolvia.swiss\/de\/wp-json\/wp\/v2\/types\/page"}],"author":[{"embeddable":true,"href":"https:\/\/evolvia.swiss\/de\/wp-json\/wp\/v2\/users\/1"}],"replies":[{"embeddable":true,"href":"https:\/\/evolvia.swiss\/de\/wp-json\/wp\/v2\/comments?post=598"}],"version-history":[{"count":20,"href":"https:\/\/evolvia.swiss\/de\/wp-json\/wp\/v2\/pages\/598\/revisions"}],"predecessor-version":[{"id":1024,"href":"https:\/\/evolvia.swiss\/de\/wp-json\/wp\/v2\/pages\/598\/revisions\/1024"}],"up":[{"embeddable":true,"href":"https:\/\/evolvia.swiss\/de\/wp-json\/wp\/v2\/pages\/204"}],"wp:attachment":[{"href":"https:\/\/evolvia.swiss\/de\/wp-json\/wp\/v2\/media?parent=598"}],"curies":[{"name":"wp","href":"https:\/\/api.w.org\/{rel}","templated":true}]}}