{"id":746,"date":"2025-09-12T14:07:04","date_gmt":"2025-09-12T14:07:04","guid":{"rendered":"https:\/\/evolvia.swiss\/?page_id=746"},"modified":"2025-12-01T12:37:08","modified_gmt":"2025-12-01T12:37:08","slug":"ueber-mich","status":"publish","type":"page","link":"https:\/\/evolvia.swiss\/de\/ueber-mich\/","title":{"rendered":"\u00dcber mich"},"content":{"rendered":"<p>[et_pb_section fb_built=&#8220;1&#8243; custom_padding_last_edited=&#8220;on|tablet&#8220; _builder_version=&#8220;4.27.4&#8243; _module_preset=&#8220;default&#8220; background_image=&#8220;https:\/\/evolvia.swiss\/wp-content\/uploads\/2025\/09\/evolvia-a-propos.jpg&#8220; background_position=&#8220;bottom_right&#8220; height=&#8220;75vh&#8220; height_tablet=&#8220;50vh&#8220; height_phone=&#8220;50vh&#8220; height_last_edited=&#8220;on|phone&#8220; custom_margin_tablet=&#8220;&#8220; custom_margin_phone=&#8220;&#8220; custom_margin_last_edited=&#8220;on|tablet&#8220; custom_padding=&#8220;||||false|false&#8220; custom_padding_tablet=&#8220;20px||||false|false&#8220; custom_padding_phone=&#8220;20px||||false|false&#8220; bottom_divider_style=&#8220;slant&#8220; bottom_divider_color=&#8220;#FFFFFF&#8220; bottom_divider_height=&#8220;3vw&#8220; bottom_divider_flip=&#8220;horizontal&#8220; global_colors_info=&#8220;{}&#8220;][et_pb_row column_structure=&#8220;1_2,1_2&#8243; custom_padding_last_edited=&#8220;on|phone&#8220; _builder_version=&#8220;4.27.4&#8243; _module_preset=&#8220;default&#8220; width=&#8220;90%&#8220; max_width=&#8220;2560px&#8220; custom_margin=&#8220;0px||||false|false&#8220; custom_padding=&#8220;||||false|false&#8220; custom_padding_tablet=&#8220;0px||||false|false&#8220; custom_padding_phone=&#8220;0px||||false|false&#8220; global_colors_info=&#8220;{}&#8220;][et_pb_column type=&#8220;1_2&#8243; _builder_version=&#8220;4.27.4&#8243; _module_preset=&#8220;default&#8220; global_colors_info=&#8220;{}&#8220;][\/et_pb_column][et_pb_column type=&#8220;1_2&#8243; _builder_version=&#8220;4.27.4&#8243; _module_preset=&#8220;default&#8220; global_colors_info=&#8220;{}&#8220;][et_pb_text _builder_version=&#8220;4.27.4&#8243; _module_preset=&#8220;default&#8220; header_text_align=&#8220;right&#8220; header_text_color=&#8220;#FFFFFF&#8220; header_font_size=&#8220;5vw&#8220; header_font_size_tablet=&#8220;50px&#8220; header_font_size_phone=&#8220;30px&#8220; header_font_size_last_edited=&#8220;on|phone&#8220; header_text_shadow_style=&#8220;preset3&#8243; header_text_shadow_color=&#8220;#000000&#8243; global_colors_info=&#8220;{}&#8220;]<\/p>\n<h1>\u00dcber mich<\/h1>\n<p>[\/et_pb_text][\/et_pb_column][\/et_pb_row][\/et_pb_section][et_pb_section fb_built=&#8220;1&#8243; _builder_version=&#8220;4.27.4&#8243; _module_preset=&#8220;default&#8220; custom_padding=&#8220;0px||0px||false|false&#8220; bottom_divider_color=&#8220;gcid-dd892067-bb4e-4360-a209-99e0238c51b1&#8243; bottom_divider_height=&#8220;3vw&#8220; bottom_divider_flip=&#8220;horizontal&#8220; locked=&#8220;off&#8220; global_colors_info=&#8220;{%22gcid-dd892067-bb4e-4360-a209-99e0238c51b1%22:%91%22bottom_divider_color%22%93}&#8220;][et_pb_row column_structure=&#8220;1_4,3_4&#8243; _builder_version=&#8220;4.27.4&#8243; _module_preset=&#8220;default&#8220; global_colors_info=&#8220;{}&#8220;][et_pb_column type=&#8220;1_4&#8243; _builder_version=&#8220;4.27.4&#8243; _module_preset=&#8220;default&#8220; global_colors_info=&#8220;{}&#8220;][\/et_pb_column][et_pb_column type=&#8220;3_4&#8243; _builder_version=&#8220;4.27.4&#8243; _module_preset=&#8220;default&#8220; global_colors_info=&#8220;{}&#8220;][et_pb_text module_class=&#8220;evolvia-inside-page-anchor-link&#8220; _builder_version=&#8220;4.27.4&#8243; _module_preset=&#8220;default&#8220; custom_margin=&#8220;15px||||false|false&#8220; hover_enabled=&#8220;0&#8243; global_colors_info=&#8220;{}&#8220; sticky_enabled=&#8220;0&#8243;]<a href=\"#wer-bin-ich\">Wer bin ich?<\/a> <a href=\"#vision\">Vision<\/a> <a href=\"#werte\">Werte<\/a>[\/et_pb_text][\/et_pb_column][\/et_pb_row][\/et_pb_section][et_pb_section fb_built=&#8220;1&#8243; module_id=&#8220;wer-bin-ich&#8220; _builder_version=&#8220;4.27.4&#8243; _module_preset=&#8220;default&#8220; bottom_divider_style=&#8220;slant&#8220; bottom_divider_color=&#8220;gcid-dd892067-bb4e-4360-a209-99e0238c51b1&#8243; bottom_divider_height=&#8220;3vw&#8220; bottom_divider_flip=&#8220;horizontal&#8220; hover_enabled=&#8220;0&#8243; locked=&#8220;off&#8220; global_colors_info=&#8220;{%22gcid-dd892067-bb4e-4360-a209-99e0238c51b1%22:%91%22bottom_divider_color%22%93}&#8220; sticky_enabled=&#8220;0&#8243;][et_pb_row column_structure=&#8220;1_4,3_4&#8243; _builder_version=&#8220;4.27.4&#8243; _module_preset=&#8220;default&#8220; global_colors_info=&#8220;{}&#8220;][et_pb_column type=&#8220;1_4&#8243; _builder_version=&#8220;4.27.4&#8243; _module_preset=&#8220;default&#8220; global_colors_info=&#8220;{}&#8220;][et_pb_image src=&#8220;https:\/\/evolvia.swiss\/wp-content\/uploads\/2025\/08\/corinne-liniger.jpg&#8220; alt=&#8220;Corinne Liniger&#8220; title_text=&#8220;Corinne Liniger&#8220; _builder_version=&#8220;4.27.4&#8243; _module_preset=&#8220;default&#8220; custom_margin=&#8220;85px||||false|false&#8220; scroll_horizontal_motion_enable=&#8220;on&#8220; scroll_horizontal_motion=&#8220;0|50|50|100|-10|0|0&#8243; motion_trigger_start=&#8220;top&#8220; border_width_all=&#8220;10px&#8220; border_color_all=&#8220;#FFFFFF&#8220; box_shadow_style=&#8220;preset1&#8243; global_colors_info=&#8220;{}&#8220;][\/et_pb_image][\/et_pb_column][et_pb_column type=&#8220;3_4&#8243; _builder_version=&#8220;4.27.4&#8243; _module_preset=&#8220;default&#8220; global_colors_info=&#8220;{}&#8220;][et_pb_text _builder_version=&#8220;4.27.4&#8243; _module_preset=&#8220;default&#8220; custom_margin=&#8220;15px||||false|false&#8220; global_colors_info=&#8220;{}&#8220;]<\/p>\n<h2>Wer bin ich?<\/h2>\n<p>[\/et_pb_text][et_pb_text _builder_version=&#8220;4.27.4&#8243; _module_preset=&#8220;default&#8220; text_font_size=&#8220;16px&#8220; locked=&#8220;off&#8220; global_colors_info=&#8220;{}&#8220;]<\/p>\n<p>Seit jeher bin ich fasziniert vom Menschen, seinen St\u00e4rken, seinen Paradoxien und seiner F\u00e4higkeit, sich zu entwickeln. Als zweisprachige Person (Franz\u00f6sisch \u2013 Schweizerdeutsch) bin ich in einem offenen und multikulturellen Umfeld aufgewachsen. Nach meiner eidgen\u00f6ssischen Matura und einer kaufm\u00e4nnischen Ausbildung entdeckte ich die Unternehmenswelt aus administrativer und kommerzieller Sicht. Doch schnell wurde mir klar, dass mich nicht Zahlen oder Prozesse wirklich begeisterten, sondern die Menschen, die sie zum Leben erweckten.   <\/p>\n<p>Ich wandte mich daraufhin den Human Resources zu, einem Bereich, in dem ich \u00fcber 20 Jahre lang t\u00e4tig war, sowohl in KMU als auch in multinationalen Unternehmen. Dort erwarb ich meinen eidgen\u00f6ssischen HR-Fachausweis und lernte vor allem, die menschlichen Dynamiken in ihrer ganzen Vielfalt und Komplexit\u00e4t zu beobachten, zuzuh\u00f6ren und zu begleiten. <\/p>\n<p>Im Laufe der Zeit entstand der Wunsch, anders beizutragen. Zun\u00e4chst bildete ich mich in Psychokinesiologie aus, einer Lebensphilosophie, die es erm\u00f6glicht, wieder Kapit\u00e4n des eigenen Lebens zu werden. Anschliessend liess ich mich zur professionellen Coach zertifizieren und wurde f\u00fcr das Insights Discovery\u00ae Tool sowie das TRIMA-Modell akkreditiert. Ich entschied mich auch f\u00fcr eine Ausbildung in der Methode der professionellen Co-Entwicklung Champagne &amp; Payette, \u00fcberzeugt davon, dass kollektive Intelligenz einer der st\u00e4rksten Hebel f\u00fcr Transformation ist. Derzeit bereite ich ein Diplom in Neurowissenschaften vor, denn das Verst\u00e4ndnis der Gehirnfunktion erhellt und bereichert jeden Begleitungsansatz.    <\/p>\n<p>Seit 2017 bin ich als Trainerin, Coach und Moderatorin f\u00fcr Unternehmen und Privatpersonen t\u00e4tig. Mein Ansatz ist einfach und menschlich: einen Vertrauensraum schaffen, um Potenziale zu entfalten, Praktiken weiterzuentwickeln und eine nachhaltige Wirkung zu erzielen \u2013 mit Wohlwollen, Humor und einer echten Freude am Teilen. <\/p>\n<p>[\/et_pb_text][\/et_pb_column][\/et_pb_row][\/et_pb_section][et_pb_section fb_built=&#8220;1&#8243; module_id=&#8220;vision&#8220; _builder_version=&#8220;4.27.4&#8243; _module_preset=&#8220;default&#8220; background_color=&#8220;gcid-dd892067-bb4e-4360-a209-99e0238c51b1&#8243; bottom_divider_style=&#8220;slant&#8220; bottom_divider_color=&#8220;#FFFFFF&#8220; bottom_divider_height=&#8220;3vw&#8220; bottom_divider_flip=&#8220;horizontal&#8220; hover_enabled=&#8220;0&#8243; locked=&#8220;off&#8220; global_colors_info=&#8220;{%22gcid-heading-color%22:%91%22bottom_divider_color%22%93,%22gcid-dd892067-bb4e-4360-a209-99e0238c51b1%22:%91%22background_color%22%93}&#8220; sticky_enabled=&#8220;0&#8243;][et_pb_row column_structure=&#8220;1_4,3_4&#8243; _builder_version=&#8220;4.27.4&#8243; _module_preset=&#8220;default&#8220; custom_margin=&#8220;15px||||false|false&#8220; locked=&#8220;off&#8220; global_colors_info=&#8220;{}&#8220;][et_pb_column type=&#8220;1_4&#8243; _builder_version=&#8220;4.27.4&#8243; _module_preset=&#8220;default&#8220; global_colors_info=&#8220;{}&#8220;][et_pb_text module_class=&#8220;evolvia-icon&#8220; _builder_version=&#8220;4.27.4&#8243; _module_preset=&#8220;default&#8220; custom_margin=&#8220;80px||||false|false&#8220; custom_margin_tablet=&#8220;0px||||false|false&#8220; custom_margin_phone=&#8220;0px||||false|false&#8220; custom_margin_last_edited=&#8220;on|phone&#8220; animation_style=&#8220;fade&#8220; scroll_horizontal_motion_enable=&#8220;on&#8220; scroll_horizontal_motion=&#8220;0|50|50|100|-10|0|0&#8243; locked=&#8220;off&#8220; global_colors_info=&#8220;{}&#8220;]<\/p>\n<div class=\"icon-circle icon-circle-enterprise\"><i class=\"fa-sharp fa-thin fa-eye\"><\/i><\/div>\n<p>[\/et_pb_text][\/et_pb_column][et_pb_column type=&#8220;3_4&#8243; _builder_version=&#8220;4.27.4&#8243; _module_preset=&#8220;default&#8220; global_colors_info=&#8220;{}&#8220;][et_pb_text _builder_version=&#8220;4.27.4&#8243; _module_preset=&#8220;default&#8220; text_font_size=&#8220;16px&#8220; custom_margin=&#8220;15px||||false|false&#8220; global_colors_info=&#8220;{}&#8220;]<\/p>\n<h2>Vision<\/h2>\n<p>[\/et_pb_text][et_pb_text _builder_version=&#8220;4.27.4&#8243; _module_preset=&#8220;default&#8220; text_font_size=&#8220;16px&#8220; custom_css_free_form=&#8220;selector blockquote {||  border-left:0px;||  padding:0px;||  font-size:18px;||  font-style: italic;||  font-weight:800;||}||selector  span.author {display:inline-block; text-align: right;||  font-weight:200;}&#8220; global_colors_info=&#8220;{}&#8220;]<\/p>\n<blockquote><p>\u201eJeder ist ein Genie. Aber wenn man einen Goldfisch nach seiner F\u00e4higkeit beurteilt, auf einen Baum zu klettern, wird er sein ganzes Leben lang glauben, dass er dumm ist.\u201c <span class=\"author\"> \u2014 Albert Einstein<\/span><\/p><\/blockquote>\n<p>[\/et_pb_text][et_pb_text _builder_version=&#8220;4.27.4&#8243; _module_preset=&#8220;default&#8220; text_font_size=&#8220;16px&#8220; global_colors_info=&#8220;{}&#8220;]<\/p>\n<p>Ich bin zutiefst davon \u00fcberzeugt, dass jeder Mensch \u00fcber vielf\u00e4ltige Qualit\u00e4ten und Ressourcen verf\u00fcgt und seinen Platz in dem System hat, in dem er sich entwickelt. Deshalb begleite ich Einzelpersonen und Unternehmen dabei, ihre St\u00e4rken zu entdecken, im Einklang mit ihrem Rhythmus und auf wohlwollende Weise. Gemeinsam entwickeln wir Talente und Kompetenzen und \u00fcbernehmen (wieder) die Verantwortung f\u00fcr Entscheidungen und Verpflichtungen.  <\/p>\n<p>Indem der Mensch im Mittelpunkt der Herausforderungen steht, schlage ich Ihnen vor, gemeinsam die L\u00f6sung zu erarbeiten, indem wir die Energien und das Potenzial jedes Einzelnen b\u00fcndeln, um das Beste zu erreichen.<\/p>\n<p>Mein Ansatz ist vor allem ein personalisierter, ethischer und wohlwollender Ansatz.<\/p>\n<p>[\/et_pb_text][\/et_pb_column][\/et_pb_row][\/et_pb_section][et_pb_section fb_built=&#8220;1&#8243; module_id=&#8220;werte&#8220; _builder_version=&#8220;4.27.4&#8243; _module_preset=&#8220;default&#8220; bottom_divider_style=&#8220;slant&#8220; bottom_divider_color=&#8220;gcid-heading-color&#8220; bottom_divider_height=&#8220;3vw&#8220; bottom_divider_flip=&#8220;horizontal&#8220; hover_enabled=&#8220;0&#8243; locked=&#8220;off&#8220; global_colors_info=&#8220;{%22gcid-heading-color%22:%91%22bottom_divider_color%22%93}&#8220; sticky_enabled=&#8220;0&#8243;][et_pb_row column_structure=&#8220;1_4,3_4&#8243; _builder_version=&#8220;4.27.4&#8243; _module_preset=&#8220;default&#8220; global_colors_info=&#8220;{}&#8220;][et_pb_column type=&#8220;1_4&#8243; _builder_version=&#8220;4.27.4&#8243; _module_preset=&#8220;default&#8220; global_colors_info=&#8220;{}&#8220;][et_pb_text module_class=&#8220;evolvia-icon&#8220; _builder_version=&#8220;4.27.4&#8243; _module_preset=&#8220;default&#8220; custom_margin=&#8220;80px||||false|false&#8220; custom_margin_tablet=&#8220;0px||||false|false&#8220; custom_margin_phone=&#8220;0px||||false|false&#8220; custom_margin_last_edited=&#8220;on|phone&#8220; animation_style=&#8220;fade&#8220; scroll_horizontal_motion_enable=&#8220;on&#8220; scroll_horizontal_motion=&#8220;0|50|50|100|-10|0|0&#8243; motion_trigger_start=&#8220;top&#8220; locked=&#8220;off&#8220; global_colors_info=&#8220;{}&#8220;]<\/p>\n<div class=\"icon-circle icon-circle-enterprise\"><i class=\"fa-sharp fa-thin fa-treasure-chest\"><\/i><\/div>\n<p>[\/et_pb_text][\/et_pb_column][et_pb_column type=&#8220;3_4&#8243; _builder_version=&#8220;4.27.4&#8243; _module_preset=&#8220;default&#8220; global_colors_info=&#8220;{}&#8220;][et_pb_text _builder_version=&#8220;4.27.4&#8243; _module_preset=&#8220;default&#8220; custom_margin=&#8220;15px||||false|false&#8220; global_colors_info=&#8220;{}&#8220;]<\/p>\n<h2>Werte<\/h2>\n<p>[\/et_pb_text][et_pb_text _builder_version=&#8220;4.27.4&#8243; _module_preset=&#8220;default&#8220; text_font_size=&#8220;16px&#8220; custom_css_free_form=&#8220;selector h4 {margin-top:20px;}&#8220; locked=&#8220;off&#8220; global_colors_info=&#8220;{}&#8220;]<\/p>\n<h4>Vertrauen<\/h4>\n<p>Einen sicheren Rahmen schaffen, in dem sich jeder ausdr\u00fccken und gelassen vorankommen kann.<\/p>\n<h4>Kommunikation<\/h4>\n<p>Wirklich zuh\u00f6ren und klar kommunizieren: die Grundlage f\u00fcr authentische und konstruktive Beziehungen.<\/p>\n<h4>Freiheit<\/h4>\n<p>Autonomie, Wahlfreiheit und Eigenverantwortung f\u00f6rdern.<\/p>\n<h4>Bescheidenheit<\/h4>\n<p>Anerkennen, dass man immer lernt, von anderen wie von sich selbst.<\/p>\n<h4>Gemeinsam<\/h4>\n<p>Weil die sch\u00f6nsten Erfolge aus der St\u00e4rke des Kollektivs entstehen.<\/p>\n<h4>Respekt<\/h4>\n<p>Den einzigartigen Wert jedes Menschen anerkennen und die Vielfalt der Perspektiven willkommen heissen.[\/et_pb_text][\/et_pb_column][\/et_pb_row][\/et_pb_section]<\/p>\n","protected":false},"excerpt":{"rendered":"<p>\u00dcber michWer bin ich? Vision WerteWer bin ich?Seit jeher bin ich fasziniert vom Menschen, seinen St\u00e4rken, seinen Paradoxien und seiner F\u00e4higkeit, sich zu entwickeln. Als zweisprachige Person (Franz\u00f6sisch \u2013 Schweizerdeutsch) bin ich in einem offenen und multikulturellen Umfeld aufgewachsen. Nach meiner eidgen\u00f6ssischen Matura und einer kaufm\u00e4nnischen Ausbildung entdeckte ich die Unternehmenswelt aus administrativer und kommerzieller [&hellip;]<\/p>\n","protected":false},"author":1,"featured_media":0,"parent":0,"menu_order":0,"comment_status":"closed","ping_status":"closed","template":"","meta":{"_et_pb_use_builder":"on","_et_pb_old_content":"","_et_gb_content_width":"","inline_featured_image":false,"footnotes":""},"class_list":["post-746","page","type-page","status-publish","hentry"],"_links":{"self":[{"href":"https:\/\/evolvia.swiss\/de\/wp-json\/wp\/v2\/pages\/746","targetHints":{"allow":["GET"]}}],"collection":[{"href":"https:\/\/evolvia.swiss\/de\/wp-json\/wp\/v2\/pages"}],"about":[{"href":"https:\/\/evolvia.swiss\/de\/wp-json\/wp\/v2\/types\/page"}],"author":[{"embeddable":true,"href":"https:\/\/evolvia.swiss\/de\/wp-json\/wp\/v2\/users\/1"}],"replies":[{"embeddable":true,"href":"https:\/\/evolvia.swiss\/de\/wp-json\/wp\/v2\/comments?post=746"}],"version-history":[{"count":14,"href":"https:\/\/evolvia.swiss\/de\/wp-json\/wp\/v2\/pages\/746\/revisions"}],"predecessor-version":[{"id":1021,"href":"https:\/\/evolvia.swiss\/de\/wp-json\/wp\/v2\/pages\/746\/revisions\/1021"}],"wp:attachment":[{"href":"https:\/\/evolvia.swiss\/de\/wp-json\/wp\/v2\/media?parent=746"}],"curies":[{"name":"wp","href":"https:\/\/api.w.org\/{rel}","templated":true}]}}