{"id":776,"date":"2025-09-13T08:50:33","date_gmt":"2025-09-13T08:50:33","guid":{"rendered":"https:\/\/evolvia.swiss\/?page_id=776"},"modified":"2025-09-29T12:03:44","modified_gmt":"2025-09-29T12:03:44","slug":"werkzeuge","status":"publish","type":"page","link":"https:\/\/evolvia.swiss\/de\/werkzeuge\/","title":{"rendered":"Werkzeuge"},"content":{"rendered":"<p>[et_pb_section fb_built=&#8220;1&#8243; custom_padding_last_edited=&#8220;on|tablet&#8220; _builder_version=&#8220;4.27.4&#8243; _module_preset=&#8220;default&#8220; background_image=&#8220;https:\/\/evolvia.swiss\/wp-content\/uploads\/2025\/09\/evolvia-outils.jpg&#8220; background_position=&#8220;top_right&#8220; height=&#8220;75vh&#8220; height_tablet=&#8220;50vh&#8220; height_phone=&#8220;50vh&#8220; height_last_edited=&#8220;on|phone&#8220; custom_margin_tablet=&#8220;&#8220; custom_margin_phone=&#8220;&#8220; custom_margin_last_edited=&#8220;on|tablet&#8220; custom_padding=&#8220;||||false|false&#8220; custom_padding_tablet=&#8220;20px||||false|false&#8220; custom_padding_phone=&#8220;20px||||false|false&#8220; bottom_divider_style=&#8220;slant&#8220; bottom_divider_color=&#8220;#FFFFFF&#8220; bottom_divider_height=&#8220;3vw&#8220; bottom_divider_flip=&#8220;horizontal&#8220; global_colors_info=&#8220;{}&#8220;][et_pb_row column_structure=&#8220;1_2,1_2&#8243; make_equal=&#8220;on&#8220; custom_padding_last_edited=&#8220;on|phone&#8220; _builder_version=&#8220;4.27.4&#8243; _module_preset=&#8220;default&#8220; width=&#8220;90%&#8220; max_width=&#8220;2560px&#8220; height=&#8220;100%&#8220; custom_margin=&#8220;0px||||false|false&#8220; custom_padding=&#8220;||||false|false&#8220; custom_padding_tablet=&#8220;0px||||false|false&#8220; custom_padding_phone=&#8220;0px||||false|false&#8220; global_colors_info=&#8220;{}&#8220;][et_pb_column type=&#8220;1_2&#8243; _builder_version=&#8220;4.27.4&#8243; _module_preset=&#8220;default&#8220; custom_css_free_form=&#8220;selector {display:flex; flex-direction: column;}&#8220; global_colors_info=&#8220;{}&#8220;][et_pb_text _builder_version=&#8220;4.27.4&#8243; _module_preset=&#8220;default&#8220; header_text_align=&#8220;left&#8220; header_text_color=&#8220;gcid-heading-color&#8220; header_font_size=&#8220;5vw&#8220; custom_margin=&#8220;auto||0px||false|false&#8220; header_text_align_tablet=&#8220;left&#8220; header_text_align_phone=&#8220;right&#8220; header_text_align_last_edited=&#8220;on|phone&#8220; header_font_size_tablet=&#8220;50px&#8220; header_font_size_phone=&#8220;30px&#8220; header_font_size_last_edited=&#8220;on|phone&#8220; header_text_shadow_style=&#8220;preset3&#8243; header_text_shadow_color=&#8220;#FFFFFF&#8220; global_colors_info=&#8220;{%22gcid-heading-color%22:%91%22header_text_color%22%93}&#8220;]<\/p>\n<h1>Werkzeuge<\/h1>\n<p>[\/et_pb_text][\/et_pb_column][et_pb_column type=&#8220;1_2&#8243; _builder_version=&#8220;4.27.4&#8243; _module_preset=&#8220;default&#8220; global_colors_info=&#8220;{}&#8220;][\/et_pb_column][\/et_pb_row][\/et_pb_section][et_pb_section fb_built=&#8220;1&#8243; _builder_version=&#8220;4.27.4&#8243; _module_preset=&#8220;default&#8220; custom_padding=&#8220;0px||0px||false|false&#8220; bottom_divider_color=&#8220;gcid-dd892067-bb4e-4360-a209-99e0238c51b1&#8243; bottom_divider_height=&#8220;3vw&#8220; bottom_divider_flip=&#8220;horizontal&#8220; locked=&#8220;off&#8220; global_colors_info=&#8220;{%22gcid-dd892067-bb4e-4360-a209-99e0238c51b1%22:%91%22bottom_divider_color%22%93}&#8220;][et_pb_row column_structure=&#8220;1_4,3_4&#8243; _builder_version=&#8220;4.27.4&#8243; _module_preset=&#8220;default&#8220; global_colors_info=&#8220;{}&#8220;][et_pb_column type=&#8220;1_4&#8243; _builder_version=&#8220;4.27.4&#8243; _module_preset=&#8220;default&#8220; global_colors_info=&#8220;{}&#8220;][\/et_pb_column][et_pb_column type=&#8220;3_4&#8243; _builder_version=&#8220;4.27.4&#8243; _module_preset=&#8220;default&#8220; global_colors_info=&#8220;{}&#8220;][et_pb_text module_class=&#8220;evolvia-inside-page-anchor-link&#8220; _builder_version=&#8220;4.27.4&#8243; _module_preset=&#8220;default&#8220; custom_margin=&#8220;15px||||false|false&#8220; hover_enabled=&#8220;0&#8243; global_colors_info=&#8220;{}&#8220; sticky_enabled=&#8220;0&#8243;]<a href=\"#neurowissenschaften\">Neurowissenschaften<\/a> <a href=\"#insights-discovery\">Insights Discovery<\/a> <a href=\"#trima\">TRIMA<\/a> <a href=\"#gemeinsame-entwicklung\">Gemeinsame Entwicklung<\/a>[\/et_pb_text][\/et_pb_column][\/et_pb_row][\/et_pb_section][et_pb_section fb_built=&#8220;1&#8243; module_id=&#8220;neurowissenschaften&#8220; _builder_version=&#8220;4.27.4&#8243; _module_preset=&#8220;default&#8220; bottom_divider_style=&#8220;slant&#8220; bottom_divider_color=&#8220;gcid-dd892067-bb4e-4360-a209-99e0238c51b1&#8243; bottom_divider_height=&#8220;3vw&#8220; bottom_divider_flip=&#8220;horizontal&#8220; hover_enabled=&#8220;0&#8243; locked=&#8220;off&#8220; global_colors_info=&#8220;{%22gcid-dd892067-bb4e-4360-a209-99e0238c51b1%22:%91%22bottom_divider_color%22%93}&#8220; sticky_enabled=&#8220;0&#8243;][et_pb_row column_structure=&#8220;1_4,3_4&#8243; _builder_version=&#8220;4.27.4&#8243; _module_preset=&#8220;default&#8220; global_colors_info=&#8220;{}&#8220;][et_pb_column type=&#8220;1_4&#8243; _builder_version=&#8220;4.27.4&#8243; _module_preset=&#8220;default&#8220; global_colors_info=&#8220;{}&#8220;][et_pb_text module_class=&#8220;evolvia-icon&#8220; _builder_version=&#8220;4.27.4&#8243; _module_preset=&#8220;default&#8220; custom_margin=&#8220;80px||||false|false&#8220; custom_margin_tablet=&#8220;0px||||false|false&#8220; custom_margin_phone=&#8220;0px||||false|false&#8220; custom_margin_last_edited=&#8220;on|phone&#8220; animation_style=&#8220;fade&#8220; scroll_horizontal_motion_enable=&#8220;on&#8220; scroll_horizontal_motion=&#8220;0|50|50|100|-10|0|0&#8243; motion_trigger_start=&#8220;top&#8220; locked=&#8220;off&#8220; global_colors_info=&#8220;{}&#8220;]<\/p>\n<div class=\"icon-circle icon-circle-enterprise\"><i class=\"fa-sharp fa-thin fa-brain\"><\/i><\/div>\n<p>[\/et_pb_text][\/et_pb_column][et_pb_column type=&#8220;3_4&#8243; _builder_version=&#8220;4.27.4&#8243; _module_preset=&#8220;default&#8220; global_colors_info=&#8220;{}&#8220;][et_pb_text _builder_version=&#8220;4.27.4&#8243; _module_preset=&#8220;default&#8220; custom_margin=&#8220;15px||||false|false&#8220; global_colors_info=&#8220;{}&#8220;]<\/p>\n<h2>Neurowissenschaften<\/h2>\n<p>[\/et_pb_text][et_pb_text _builder_version=&#8220;4.27.4&#8243; _module_preset=&#8220;default&#8220; text_font_size=&#8220;16px&#8220; header_3_font=&#8220;|700|||||||&#8220; header_3_font_size=&#8220;18px&#8220; custom_css_free_form=&#8220;selector h4 {margin-top:20px;}&#8220; locked=&#8220;off&#8220; global_colors_info=&#8220;{}&#8220;]<\/p>\n<p>Zu verstehen, wie wir funktionieren, gibt uns Macht \u00fcber unsere Entscheidungen, unsere Beziehungen, unsere Wege. Das Gehirn ist kein \u201efestes Organ\u201c: Es moduliert sich, passt sich an, entwickelt sich. Dank Neuroplastizit\u00e4t k\u00f6nnen sich unsere Denk-, F\u00fchl- und Handlungsweisen ver\u00e4ndern.  <\/p>\n<h4>Was sind Neurowissenschaften?<\/h4>\n<p>Neurowissenschaften sind die Wissenschaften vom Gehirn und Nervensystem. Sie helfen uns zu verstehen, wie wir denken, lernen, f\u00fchlen, entscheiden und handeln. <\/p>\n<h4>Warum dar\u00fcber im beruflichen Kontext sprechen?<\/h4>\n<p>Weil unser Gehirn alles beeinflusst: unsere F\u00e4higkeit zur Zusammenarbeit, zur Stressbew\u00e4ltigung, zur Motivation, zum Lernen oder zur Innovation. Es besser zu verstehen, bedeutet, sich selbst besser zu verstehen\u2026 und besser zu interagieren. <\/p>\n<h4>Wie kann dies konkret helfen?<\/h4>\n<ul>\n<li>Spannungen und Emotionen besser managen.<\/li>\n<li>Effektiver lernen.<\/li>\n<li>Fundiertere Entscheidungen treffen.<\/li>\n<li>Kontraproduktive Automatismen reduzieren.<\/li>\n<li>Gewohnheiten entwickeln, die auf Ihre Ziele abgestimmt sind.<\/li>\n<\/ul>\n<p>[\/et_pb_text][\/et_pb_column][\/et_pb_row][\/et_pb_section][et_pb_section fb_built=&#8220;1&#8243; module_id=&#8220;insights-discovery&#8220; _builder_version=&#8220;4.27.4&#8243; _module_preset=&#8220;default&#8220; background_color=&#8220;gcid-dd892067-bb4e-4360-a209-99e0238c51b1&#8243; bottom_divider_style=&#8220;slant&#8220; bottom_divider_color=&#8220;#FFFFFF&#8220; bottom_divider_height=&#8220;3vw&#8220; bottom_divider_flip=&#8220;horizontal&#8220; locked=&#8220;off&#8220; global_colors_info=&#8220;{%22gcid-heading-color%22:%91%22bottom_divider_color%22%93,%22gcid-dd892067-bb4e-4360-a209-99e0238c51b1%22:%91%22background_color%22%93}&#8220;][et_pb_row column_structure=&#8220;1_4,3_4&#8243; _builder_version=&#8220;4.27.4&#8243; _module_preset=&#8220;default&#8220; custom_margin=&#8220;15px||||false|false&#8220; locked=&#8220;off&#8220; global_colors_info=&#8220;{}&#8220;][et_pb_column type=&#8220;1_4&#8243; _builder_version=&#8220;4.27.4&#8243; _module_preset=&#8220;default&#8220; global_colors_info=&#8220;{}&#8220;][et_pb_image src=&#8220;https:\/\/evolvia.swiss\/wp-content\/uploads\/2025\/09\/insights-discovery.png&#8220; title_text=&#8220;insights-discovery&#8220; _builder_version=&#8220;4.27.4&#8243; _module_preset=&#8220;default&#8220; width=&#8220;150px&#8220; custom_margin=&#8220;80px||||false|false&#8220; scroll_horizontal_motion_enable=&#8220;on&#8220; scroll_horizontal_motion=&#8220;0|50|50|100|-10|0|0&#8243; global_colors_info=&#8220;{}&#8220;][\/et_pb_image][\/et_pb_column][et_pb_column type=&#8220;3_4&#8243; _builder_version=&#8220;4.27.4&#8243; _module_preset=&#8220;default&#8220; global_colors_info=&#8220;{}&#8220;][et_pb_text _builder_version=&#8220;4.27.4&#8243; _module_preset=&#8220;default&#8220; text_font_size=&#8220;16px&#8220; header_3_font=&#8220;|700|||||||&#8220; header_3_font_size=&#8220;18px&#8220; custom_css_free_form=&#8220;selector h4 {margin-top:20px;}&#8220; global_colors_info=&#8220;{}&#8220;]<\/p>\n<h2>Insights Discovery<\/h2>\n<p>[\/et_pb_text][et_pb_text _builder_version=&#8220;4.27.4&#8243; _module_preset=&#8220;default&#8220; text_font_size=&#8220;16px&#8220; header_3_font=&#8220;|700|||||||&#8220; header_3_font_size=&#8220;18px&#8220; custom_css_free_form=&#8220;selector h4 {margin-top:20px;}&#8220; locked=&#8220;off&#8220; global_colors_info=&#8220;{}&#8220;]<\/p>\n<p>Eine lebendige Sprache, um sich selbst besser kennenzulernen, zu kommunizieren und zusammenzuarbeiten.<\/p>\n<h4>Was ist Insights Discovery\u00ae?<\/h4>\n<p>Insights Discovery\u00ae ist ein psychometrisches Instrument, das auf den Arbeiten der Farbpsychologie und der Verhaltenspsychologie basiert. Es erm\u00f6glicht, die nat\u00fcrlichen Pr\u00e4ferenzen einer Person aufzudecken \u2014 ihre Art zu denken, zu handeln, zu kommunizieren, unter Druck zu reagieren \u2014 durch vier Haupt-\u201eFarbenergien\u201c. <\/p>\n<p>Anstatt zu \u201eurteilen\u201c oder zu klassifizieren, bietet es eine einfache und positive Sprache, um die Unterschiede zwischen Individuen zu verstehen und diese Vielfalt in Teams zu nutzen.<\/p>\n<h4>Was Insights Discovery\u00ae erm\u00f6glicht<\/h4>\n<ul>\n<li>Ihre nat\u00fcrlichen St\u00e4rken, Ihre Komfortzonen sowie Ihre Bereiche geringerer Pr\u00e4ferenz identifizieren \u2013 um diese zu entwickeln.<\/li>\n<li>Andere verstehen: ihre Funktionsmuster, ihre tiefen Motivationen, was sie frustrieren oder erm\u00fcden kann.<\/li>\n<li>Ihre Kommunikation anpassen: In Ihren Gespr\u00e4chen, Meetings und beim Feedback k\u00f6nnen Sie \u201eden Kanal wechseln\u201c, um je nach Profil Ihrer Gespr\u00e4chspartner verbunden und effektiv zu bleiben.<\/li>\n<li>Die Teamfunktion optimieren: mehr Transparenz, Empathie, gegenseitigen Respekt und Komplementarit\u00e4t.<\/li>\n<\/ul>\n<h4>Wie wir es in unser Angebot integrieren<\/h4>\n<ul>\n<li>In individuellen Sitzungen (Coaching oder Bilanzierung) wird das Insights Discovery\u00ae Profil zu einem Bewusstseinshebel, um Ihre Entscheidungen bez\u00fcglich Haltung, Entwicklung oder Ver\u00e4nderung zu begleiten.<\/li>\n<li>In Trainings oder Team-Workshops nutzen wir das Modell, um die Gruppendynamik zu erleichtern: kollektives Bewusstsein, Anpassung der Interaktionen, bessere Koordination.<\/li>\n<li>Wir kombinieren Insights Discovery\u00ae mit Neurowissenschaften, um das Verst\u00e4ndnis der individuellen Funktionsweise (Pr\u00e4ferenzen + F\u00e4higkeiten + Wunsch nach Wirkung) zu bereichern und massgeschneiderte Interventionen anzubieten.<\/li>\n<\/ul>\n<h4>Der tats\u00e4chliche Nutzen<\/h4>\n<p>\u00dcber ein einfaches \u201eProfil\u201c hinaus ist es ein lebendiges und sich entwickelndes Instrument:<\/p>\n<ul>\n<li>Sie gehen mit einem besseren Verst\u00e4ndnis f\u00fcr sich selbst und andere.<\/li>\n<li>Sie gewinnen an relationaler Flexibilit\u00e4t: weniger Missverst\u00e4ndnisse, mehr Fluss.<\/li>\n<li>Sie st\u00e4rken das Vertrauen in den Teams: Unterschiede zu akzeptieren wird zu einer St\u00e4rke.<\/li>\n<li>Sie verf\u00fcgen \u00fcber ein gemeinsames Vokabular, um sich gemeinsam weiterzuentwickeln.<\/li>\n<\/ul>\n<p>[\/et_pb_text][\/et_pb_column][\/et_pb_row][\/et_pb_section][et_pb_section fb_built=&#8220;1&#8243; module_id=&#8220;trima&#8220; _builder_version=&#8220;4.27.4&#8243; _module_preset=&#8220;default&#8220; bottom_divider_color=&#8220;gcid-heading-color&#8220; bottom_divider_height=&#8220;3vw&#8220; bottom_divider_flip=&#8220;horizontal&#8220; locked=&#8220;off&#8220; global_colors_info=&#8220;{%22gcid-heading-color%22:%91%22bottom_divider_color%22%93}&#8220;][et_pb_row column_structure=&#8220;1_4,3_4&#8243; _builder_version=&#8220;4.27.4&#8243; _module_preset=&#8220;default&#8220; global_colors_info=&#8220;{}&#8220;][et_pb_column type=&#8220;1_4&#8243; _builder_version=&#8220;4.27.4&#8243; _module_preset=&#8220;default&#8220; global_colors_info=&#8220;{}&#8220;][et_pb_image src=&#8220;https:\/\/evolvia.swiss\/wp-content\/uploads\/2025\/09\/trima.png&#8220; title_text=&#8220;trima&#8220; _builder_version=&#8220;4.27.4&#8243; _module_preset=&#8220;default&#8220; width=&#8220;150px&#8220; custom_margin=&#8220;80px||||false|false&#8220; scroll_horizontal_motion_enable=&#8220;on&#8220; scroll_horizontal_motion=&#8220;0|50|50|100|-10|0|0&#8243; global_colors_info=&#8220;{}&#8220;][\/et_pb_image][\/et_pb_column][et_pb_column type=&#8220;3_4&#8243; _builder_version=&#8220;4.27.4&#8243; _module_preset=&#8220;default&#8220; global_colors_info=&#8220;{}&#8220;][et_pb_text _builder_version=&#8220;4.27.4&#8243; _module_preset=&#8220;default&#8220; custom_margin=&#8220;15px||||false|false&#8220; global_colors_info=&#8220;{}&#8220;]<\/p>\n<h2>TRIMA<\/h2>\n<p>[\/et_pb_text][et_pb_text _builder_version=&#8220;4.27.4&#8243; _module_preset=&#8220;default&#8220; text_font_size=&#8220;16px&#8220; header_3_font=&#8220;|700|||||||&#8220; header_3_font_size=&#8220;18px&#8220; custom_css_free_form=&#8220;selector h4 {margin-top:20px;}&#8220; locked=&#8220;off&#8220; global_colors_info=&#8220;{}&#8220;]<\/p>\n<p>TRIMA: Ein leistungsstarkes Instrument zur Entwicklung von Kompetenzen, F\u00fchrung und Teamzusammenhalt<\/p>\n<p>Das TRIMA-Modell (Tradition \u2013 Reflexion \u2013 Imagination \u2013 Mediation \u2013 Aktion) ist ein anerkanntes psychometrisches Instrument, das es erm\u00f6glicht, drei wesentliche Dimensionen Ihrer beruflichen Entwicklung eingehend zu erforschen:<\/p>\n<ul>\n<li><strong>Soziale Stile<\/strong>: Ihre nat\u00fcrlichen Verhaltenspr\u00e4ferenzen, was Sie motiviert und Sie in Ihren Interaktionen kennzeichnet.<\/li>\n<li><strong>Kompetenzen<\/strong>: was Sie heute tun k\u00f6nnen, Ihre Ressourcen, Ihre aktivierten Talente.<\/li>\n<li><strong>F\u00fchrungsstile<\/strong>: den Einfluss, den Sie haben m\u00f6chten, Ihre Art, in Ihrem Umfeld zu beeinflussen und zu handeln.<\/li>\n<\/ul>\n<h4>Warum TRIMA verwenden?<\/h4>\n<p>Ob im Coaching, in der Ausbildung oder im Teambuilding, TRIMA ist ein Diagnose- und Entwicklungsinstrument, das hilft, :<\/p>\n<ul>\n<li>Sich selbst besser kennenlernen und andere besser verstehen.<\/li>\n<li>Eigene St\u00e4rken und Entwicklungsfelder kl\u00e4ren.<\/li>\n<li>Eigene Pr\u00e4ferenzen, Kompetenzen und den Wunsch nach Wirkung aufeinander abstimmen.<\/li>\n<li>Die Kommunikation und Zusammenarbeit in Teams verbessern.<\/li>\n<li>Berufliche oder managerielle \u00dcberg\u00e4nge bewusst begleiten.<\/li>\n<\/ul>\n<h4>Wie wir es in unser Angebot integrieren?<\/h4>\n<ul>\n<li>Individuelles Coaching: Ihr Potenzial entfalten, Ihre berufliche Haltung ausbalancieren und Ihre Autonomie entwickeln.<\/li>\n<li>Team-Workshops: den Zusammenhalt st\u00e4rken, Komplementarit\u00e4ten wertsch\u00e4tzen, kollektive Intelligenz f\u00f6rdern.<\/li>\n<li>Ma\u00dfgeschneiderte Schulungen: Entwicklung sozialer und F\u00fchrungskompetenzen mit konkreten und personalisierten Leitlinien.<\/li>\n<\/ul>\n<p>[\/et_pb_text][\/et_pb_column][\/et_pb_row][\/et_pb_section][et_pb_section fb_built=&#8220;1&#8243; module_id=&#8220;gemeinsame-entwicklung&#8220; _builder_version=&#8220;4.27.4&#8243; _module_preset=&#8220;default&#8220; background_color=&#8220;gcid-dd892067-bb4e-4360-a209-99e0238c51b1&#8243; bottom_divider_style=&#8220;slant&#8220; bottom_divider_color=&#8220;gcid-secondary-color&#8220; bottom_divider_height=&#8220;3vw&#8220; bottom_divider_flip=&#8220;horizontal&#8220; hover_enabled=&#8220;0&#8243; locked=&#8220;off&#8220; global_colors_info=&#8220;{%22gcid-secondary-color%22:%91%22bottom_divider_color%22%93}&#8220; sticky_enabled=&#8220;0&#8243;][et_pb_row column_structure=&#8220;1_4,3_4&#8243; _builder_version=&#8220;4.27.4&#8243; _module_preset=&#8220;default&#8220; custom_margin=&#8220;15px||100px||false|false&#8220; locked=&#8220;off&#8220; global_colors_info=&#8220;{}&#8220;][et_pb_column type=&#8220;1_4&#8243; _builder_version=&#8220;4.27.4&#8243; _module_preset=&#8220;default&#8220; global_colors_info=&#8220;{}&#8220;][et_pb_text module_class=&#8220;evolvia-icon&#8220; _builder_version=&#8220;4.27.4&#8243; _module_preset=&#8220;default&#8220; custom_margin=&#8220;80px||||false|false&#8220; custom_margin_tablet=&#8220;0px||||false|false&#8220; custom_margin_phone=&#8220;0px||||false|false&#8220; custom_margin_last_edited=&#8220;on|phone&#8220; animation_style=&#8220;fade&#8220; scroll_horizontal_motion_enable=&#8220;on&#8220; scroll_horizontal_motion=&#8220;0|50|50|100|-10|0|0&#8243; locked=&#8220;off&#8220; global_colors_info=&#8220;{}&#8220;]<\/p>\n<div class=\"icon-circle icon-circle-enterprise\"><i class=\"fa-sharp fa-thin fa-brain-circuit\"><\/i><\/div>\n<p>[\/et_pb_text][\/et_pb_column][et_pb_column type=&#8220;3_4&#8243; _builder_version=&#8220;4.27.4&#8243; _module_preset=&#8220;default&#8220; global_colors_info=&#8220;{}&#8220;][et_pb_text _builder_version=&#8220;4.27.4&#8243; _module_preset=&#8220;default&#8220; text_font_size=&#8220;16px&#8220; custom_margin=&#8220;15px||||false|false&#8220; hover_enabled=&#8220;0&#8243; global_colors_info=&#8220;{}&#8220; sticky_enabled=&#8220;0&#8243;]<\/p>\n<h2>Gemeinsame Entwicklung<\/h2>\n<p>[\/et_pb_text][et_pb_text _builder_version=&#8220;4.27.4&#8243; _module_preset=&#8220;default&#8220; text_font_size=&#8220;16px&#8220; header_3_font=&#8220;|700|||||||&#8220; header_3_font_size=&#8220;18px&#8220; custom_css_free_form=&#8220;selector h4 {margin-top:20px;}&#8220; locked=&#8220;off&#8220; global_colors_info=&#8220;{}&#8220;]<\/p>\n<h4>Voneinander lernen, gemeinsam wachsen<\/h4>\n<p>Die kollegiale Beratung ist eine wirkungsvolle und strukturierte Methode, um die eigene Praxis dank kollektiver Intelligenz weiterzuentwickeln. Basierend auf dem kanadischen Modell von Champagne &amp; Payette erm\u00f6glicht sie einer Gruppe von Fachleuten (6 bis 10 Personen), sich \u00fcber reale und konkrete Alltagssituationen auszutauschen. <\/p>\n<p>Jeder Teilnehmer wird abwechselnd zum \u201eKunden\u201c (derjenige, der eine Problematik darlegt) und zum \u201eBerater\u201c (derjenige, der mit seinen Fragen, Ideen und Erfahrungen beitr\u00e4gt).<\/p>\n<h4>Die Vorteile der professionellen Co-Entwicklung<\/h4>\n<ul>\n<li>Abstand gewinnen und aus der Isolation heraustreten.<\/li>\n<li>Komplexe Situationen kl\u00e4ren und pr\u00e4ziser entscheiden.<\/li>\n<li>Zuh\u00f6rf\u00e4higkeit, Fragetechnik und konstruktives Feedback entwickeln.<\/li>\n<li>Die berufliche Haltung und die eigene F\u00fchrungskompetenz st\u00e4rken.<\/li>\n<li>Eine Kultur der gegenseitigen Unterst\u00fctzung, Zusammenarbeit und Eigenverantwortung schaffen.<\/li>\n<li>Jede Sitzung ist ein gesch\u00fctzter Raum, geleitet von einer zertifizierten Moderatorin, in dem der Austausch mit Respekt, Vertrauen und Engagement stattfindet.<\/li>\n<\/ul>\n<h4>Warum sollten Sie es in Ihre Organisation integrieren?<\/h4>\n<p>Professionelle Co-Entwicklung ist ein strategischer HR-Hebel: Sie vereint Kompetenzentwicklung, emotionale Intelligenz und Teamzusammenhalt. Sie richtet sich an alle Berufe, alle Hierarchieebenen und schafft eine dynamische, kontinuierliche Lernumgebung. <\/p>\n<p>M\u00f6chten Sie die Qualit\u00e4t des Austauschs in Ihren Teams st\u00e4rken, die Autonomie Ihrer Manager f\u00f6rdern oder Ihre Talente im \u00dcbergang unterst\u00fctzen? Professionelle Co-Entwicklung ist eine einfache, menschliche und effektive Antwort. <\/p>\n<p>[\/et_pb_text][\/et_pb_column][\/et_pb_row][\/et_pb_section]<\/p>\n","protected":false},"excerpt":{"rendered":"<p>WerkzeugeNeurowissenschaften Insights Discovery TRIMA Gemeinsame EntwicklungNeurowissenschaftenZu verstehen, wie wir funktionieren, gibt uns Macht \u00fcber unsere Entscheidungen, unsere Beziehungen, unsere Wege. Das Gehirn ist kein \u201efestes Organ\u201c: Es moduliert sich, passt sich an, entwickelt sich. Dank Neuroplastizit\u00e4t k\u00f6nnen sich unsere Denk-, F\u00fchl- und Handlungsweisen ver\u00e4ndern. Was sind Neurowissenschaften? Neurowissenschaften sind die Wissenschaften vom Gehirn und Nervensystem. [&hellip;]<\/p>\n","protected":false},"author":1,"featured_media":0,"parent":0,"menu_order":0,"comment_status":"closed","ping_status":"closed","template":"","meta":{"_et_pb_use_builder":"on","_et_pb_old_content":"","_et_gb_content_width":"","inline_featured_image":false,"footnotes":""},"class_list":["post-776","page","type-page","status-publish","hentry"],"_links":{"self":[{"href":"https:\/\/evolvia.swiss\/de\/wp-json\/wp\/v2\/pages\/776","targetHints":{"allow":["GET"]}}],"collection":[{"href":"https:\/\/evolvia.swiss\/de\/wp-json\/wp\/v2\/pages"}],"about":[{"href":"https:\/\/evolvia.swiss\/de\/wp-json\/wp\/v2\/types\/page"}],"author":[{"embeddable":true,"href":"https:\/\/evolvia.swiss\/de\/wp-json\/wp\/v2\/users\/1"}],"replies":[{"embeddable":true,"href":"https:\/\/evolvia.swiss\/de\/wp-json\/wp\/v2\/comments?post=776"}],"version-history":[{"count":15,"href":"https:\/\/evolvia.swiss\/de\/wp-json\/wp\/v2\/pages\/776\/revisions"}],"predecessor-version":[{"id":1023,"href":"https:\/\/evolvia.swiss\/de\/wp-json\/wp\/v2\/pages\/776\/revisions\/1023"}],"wp:attachment":[{"href":"https:\/\/evolvia.swiss\/de\/wp-json\/wp\/v2\/media?parent=776"}],"curies":[{"name":"wp","href":"https:\/\/api.w.org\/{rel}","templated":true}]}}